{"id":14,"date":"2018-01-31T01:07:39","date_gmt":"2018-01-31T00:07:39","guid":{"rendered":"https:\/\/www.fytofem.cz\/iconti-forte\/?page_id=14"},"modified":"2018-01-31T01:35:08","modified_gmt":"2018-01-31T00:35:08","slug":"jak-uzivat","status":"publish","type":"page","link":"https:\/\/www.fytofem.cz\/iconti-forte\/jak-uzivat\/","title":{"rendered":"Jak u\u017e\u00edvat"},"content":{"rendered":"<section  class='av_textblock_section av-av_textblock-2bd894dbf2e4bf2c4acf98ce4fbf94aa '   itemscope=\"itemscope\" itemtype=\"https:\/\/schema.org\/CreativeWork\" ><div class='avia_textblock'  itemprop=\"text\" ><h2>Jak se p\u0159\u00edpravek FYTOFEM ICONTI u\u017e\u00edv\u00e1?<\/h2>\n<p>Prvn\u00ed m\u011bs\u00edc se FYTOFEM ICONTI u\u017e\u00edv\u00e1: 2 tablety denn\u011b (bu\u010f r\u00e1no a ve\u010der 1 tabletu, nebo 2 tablety ve\u010der). Od druh\u00e9ho m\u011bs\u00edce potom dlouhodob\u011b 1 tableta denn\u011b (nejl\u00e9pe ve\u010der). Zm\u011bnu budete pravd\u011bpodobn\u011b poci\u0165ovat po 3\u20134 t\u00fddnech u\u017e\u00edv\u00e1n\u00ed, K rozvinut\u00ed pln\u00e9ho \u00fa\u010dinku p\u0159\u00edpravku FYTOFEM ICONTI dojde v \u0159\u00e1du n\u011bkolika m\u011bs\u00edc\u016f.<\/p>\n<\/div><\/section>\n","protected":false},"excerpt":{"rendered":"","protected":false},"author":1,"featured_media":0,"parent":0,"menu_order":0,"comment_status":"open","ping_status":"open","template":"","meta":{"footnotes":""},"class_list":["post-14","page","type-page","status-publish","hentry"],"_links":{"self":[{"href":"https:\/\/www.fytofem.cz\/iconti-forte\/wp-json\/wp\/v2\/pages\/14","targetHints":{"allow":["GET"]}}],"collection":[{"href":"https:\/\/www.fytofem.cz\/iconti-forte\/wp-json\/wp\/v2\/pages"}],"about":[{"href":"https:\/\/www.fytofem.cz\/iconti-forte\/wp-json\/wp\/v2\/types\/page"}],"author":[{"embeddable":true,"href":"https:\/\/www.fytofem.cz\/iconti-forte\/wp-json\/wp\/v2\/users\/1"}],"replies":[{"embeddable":true,"href":"https:\/\/www.fytofem.cz\/iconti-forte\/wp-json\/wp\/v2\/comments?post=14"}],"version-history":[{"count":2,"href":"https:\/\/www.fytofem.cz\/iconti-forte\/wp-json\/wp\/v2\/pages\/14\/revisions"}],"predecessor-version":[{"id":37,"href":"https:\/\/www.fytofem.cz\/iconti-forte\/wp-json\/wp\/v2\/pages\/14\/revisions\/37"}],"wp:attachment":[{"href":"https:\/\/www.fytofem.cz\/iconti-forte\/wp-json\/wp\/v2\/media?parent=14"}],"curies":[{"name":"wp","href":"https:\/\/api.w.org\/{rel}","templated":true}]}}