{"id":17,"date":"2018-01-31T01:07:50","date_gmt":"2018-01-31T00:07:50","guid":{"rendered":"https:\/\/www.fytofem.cz\/iconti-forte\/?page_id=17"},"modified":"2018-01-31T01:56:33","modified_gmt":"2018-01-31T00:56:33","slug":"pribalova-informace","status":"publish","type":"page","link":"https:\/\/www.fytofem.cz\/iconti-forte\/pribalova-informace\/","title":{"rendered":"P\u0159\u00edbalov\u00e1 informace"},"content":{"rendered":"<section  class='av_textblock_section av-av_textblock-2bd894dbf2e4bf2c4acf98ce4fbf94aa '   itemscope=\"itemscope\" itemtype=\"https:\/\/schema.org\/CreativeWork\" ><div class='avia_textblock'  itemprop=\"text\" ><p>FYTOFEM ICONTI FORTE obsahuje kombinaci p\u0159\u00edrodn\u00edch extrakt\u016f, kter\u00e9 V\u00e1m usnadn\u00ed ka\u017edodenn\u00ed fungov\u00e1n\u00ed.<\/p>\n<h2>EXTRAKT za \u0160T\u00ddRSK\u00c9 D\u00ddN\u011a<\/h2>\n<p>\u0160t\u00fdrsk\u00e1 d\u00fdn\u011b (Cucurbita pepo styriaca) je unik\u00e1tn\u00ed varieta tykve obecn\u00e9, tradi\u010dn\u00ed \u00e1 vysoce cen\u011bn\u00fd produkt \u0160t\u00fdrska. Jej\u00ed olej obsahuje pestr\u00fd mix cenn\u00fdch p\u0159\u00edrodn\u00edch l\u00e1tek (nen\u00e1sycen\u00e9 mastn\u00e9 kyseliny, vz\u00e1cn\u00e9 aminokyseliny, lutein, A-7 tytosteroly, tytoestrogeny a cucurbitiny). D\u00edky nim p\u0159isp\u00edv\u00e1 k norm\u00e1ln\u00ed tunkci mo\u010dov\u00fdch cest.<\/p>\n<h3>EXTRAKT ZE LNU SET\u00c9HO<\/h3>\n<p>Len set\u00fd je nejbohat\u0161\u00ed p\u0159\u00edrodn\u00ed zdroj lignan\u016f. D\u00edky nim navozuje komtort p\u0159i menopauze. Fytotem ICONTI Forte obsahuje lOO mg Iignan\u016f.<\/p>\n<h3>EXTRAKT z PLO\u0160TI\u010cN\u00cdKU HROZNAT\u00c9HO (FYTOSEROTONIN<sup>\u00ae<\/sup>)<\/h3>\n<p>Plo\u0161ti\u010dn\u00edk hroznat\u00fd pat\u0159\u00ed mezi nejprod\u00e1van\u011bj\u0161\u00ed p\u0159\u00edrodn\u00ed extrakty na sv\u011bt\u011b d\u00edky sv\u00e9mu unik\u00e1tn\u00edmu p\u016fsoben\u00ed na lidsk\u00fd organismus. Podporuje norm\u00e1ln\u00ed \u010dinnost lymfatick\u00e9ho syst\u00e9mu a navozuje komfort p\u0159i menopauze.<\/p>\n<h3>EXTRAKT ZE S\u00d3JI LU\u0160TINAT\u00c9<\/h3>\n<p>S\u00f3ja je nejbohat\u0161\u00ed p\u0159\u00edrodn\u00ed zdroj \u00edzotlavon\u016f neboli Fytoestrogen\u016f, l\u00e1tek struktur\u00e1ln\u011b podobn\u00fdm \u017eensk\u00fdm pohlavn\u00edm hormon\u016fm. Fytotem ICONTI forte obsahuje izoflavony v d\u00e1vce 60\u00a0mg.<\/p>\n<h2>D\u00c1VKOV\u00c1N\u00cd<\/h2>\n<p>U\u017e\u00edvejte 2 tablety denn\u011b (r\u00e1no a ve\u010der) l. &#8211; 4. t\u00fdden. Od 5. t\u00fddne l tabletu denn\u011b (nejl\u00e9pe ve\u010der).<br \/>\nNep\u0159ekra\u010dujte doporu\u010den\u00e9 d\u00e1vkov\u00e1n\u00ed.<\/p>\n<h3>SKLADOV\u00c1N\u00cd<\/h3>\n<p>Uchov\u00e1vejte na such\u00e9m m\u00edst\u011b p\u0159i teplot\u011b do 25 \u00b0C, mimo dosah a dohled d\u011bt\u00ed.<\/p>\n<h3>VAROV\u00c1N\u00cd<\/h3>\n<p>P\u0159\u00edpravek nen\u00ed n\u00e1hradou pestr\u00e9 stravy. P\u0159\u00ed jak\u00e9mkoli podez\u0159en\u00ed na jatern\u00ed onemocn\u011bn\u00ed p\u0159eru\u0161te u\u017e\u00edv\u00e1n\u00ed a vyhledejte l\u00e9ka\u0159e.<\/p>\n<h3>VELIKOST BALEN\u00cd<\/h3>\n<p>30\/90 potahovan\u00fdch tablet (31\/93 g)<\/p>\n<\/div><\/section>\n","protected":false},"excerpt":{"rendered":"","protected":false},"author":1,"featured_media":0,"parent":0,"menu_order":0,"comment_status":"open","ping_status":"open","template":"","meta":{"footnotes":""},"class_list":["post-17","page","type-page","status-publish","hentry"],"_links":{"self":[{"href":"https:\/\/www.fytofem.cz\/iconti-forte\/wp-json\/wp\/v2\/pages\/17","targetHints":{"allow":["GET"]}}],"collection":[{"href":"https:\/\/www.fytofem.cz\/iconti-forte\/wp-json\/wp\/v2\/pages"}],"about":[{"href":"https:\/\/www.fytofem.cz\/iconti-forte\/wp-json\/wp\/v2\/types\/page"}],"author":[{"embeddable":true,"href":"https:\/\/www.fytofem.cz\/iconti-forte\/wp-json\/wp\/v2\/users\/1"}],"replies":[{"embeddable":true,"href":"https:\/\/www.fytofem.cz\/iconti-forte\/wp-json\/wp\/v2\/comments?post=17"}],"version-history":[{"count":5,"href":"https:\/\/www.fytofem.cz\/iconti-forte\/wp-json\/wp\/v2\/pages\/17\/revisions"}],"predecessor-version":[{"id":40,"href":"https:\/\/www.fytofem.cz\/iconti-forte\/wp-json\/wp\/v2\/pages\/17\/revisions\/40"}],"wp:attachment":[{"href":"https:\/\/www.fytofem.cz\/iconti-forte\/wp-json\/wp\/v2\/media?parent=17"}],"curies":[{"name":"wp","href":"https:\/\/api.w.org\/{rel}","templated":true}]}}