{"id":27,"date":"2025-01-06T12:32:14","date_gmt":"2025-01-06T11:32:14","guid":{"rendered":"https:\/\/www.fytofem.cz\/meno-forte\/?page_id=27"},"modified":"2025-09-02T12:40:17","modified_gmt":"2025-09-02T10:40:17","slug":"domu","status":"publish","type":"page","link":"https:\/\/www.fytofem.cz\/menoforte\/","title":{"rendered":"Dom\u016f"},"content":{"rendered":"<div id='layer_slider_1'  class='avia-layerslider main_color avia-shadow  avia-builder-el-0  el_before_av_textblock  avia-builder-el-first  container_wrap sidebar_right'  style='height: 521px;'  ><\/div><div id='after_layer_slider_1'  class='main_color av_default_container_wrap container_wrap sidebar_right'  ><div class='container av-section-cont-open' ><div class='template-page content  av-content-small alpha units'><div class='post-entry post-entry-type-page post-entry-27'><div class='entry-content-wrapper clearfix'>\n\n<style type=\"text\/css\" data-created_by=\"avia_inline_auto\" id=\"style-css-av-m5l621xu-6ff44dca4dbf7b80b655bc983f900ae9\">\n#top .av_textblock_section.av-m5l621xu-6ff44dca4dbf7b80b655bc983f900ae9 .avia_textblock{\nfont-size:25px;\n}\n<\/style>\n<section  class='av_textblock_section av-m5l621xu-6ff44dca4dbf7b80b655bc983f900ae9 '   itemscope=\"itemscope\" itemtype=\"https:\/\/schema.org\/CreativeWork\" ><div class='avia_textblock'  itemprop=\"text\" ><p><strong>P\u0159\u00edpravek pro \u017eenu 40+ s\u00a0plej\u00e1dou<\/strong><\/p>\n<ul>\n<li><strong>p\u0159\u00edrodn\u00edch izoflavon\u016f<\/strong><\/li>\n<li><strong>adaptogen\u016f<span class=\"Apple-converted-space\">\u00a0<\/span><\/strong><\/li>\n<li><strong>supernutrient\u016f.<span class=\"Apple-converted-space\">\u00a0<\/span><\/strong><\/li>\n<\/ul>\n<\/div><\/section>\n<section  class='av_textblock_section av-m5nljxcd-fb403bb263248592f8a11da2fd4b7dc4 '   itemscope=\"itemscope\" itemtype=\"https:\/\/schema.org\/CreativeWork\" ><div class='avia_textblock'  itemprop=\"text\" ><p><strong>Klimakterium<\/strong>\u00a0(p\u0159echod, klimax) je obdob\u00ed postupn\u00e9ho vyhas\u00edn\u00e1n\u00ed pohlavn\u00edho cyklu u \u017eeny. Jedn\u00e1 se o p\u0159irozen\u00fd stav, kdy v\u00a0ur\u010dit\u00e9m v\u011bku \u017eeny (obvykle mezi 40. a 50. rokem) doch\u00e1z\u00ed k \u00fatlumu produkce pohlavn\u00edch hormon\u016f (estrogeny a progesteron) a postupn\u00e9mu vymizen\u00ed menstrua\u010dn\u00edho cyklu (menopauza).<span class=\"Apple-converted-space\">\u00a0<\/span><\/p>\n<p>Klimakterium je v\u011bt\u0161inou doprov\u00e1zeno \u0159adou nep\u0159\u00edjemn\u00fdch p\u0159\u00edznak\u016f. Pat\u0159\u00ed mezi n\u011b n\u00e1valy horka,<span class=\"Apple-converted-space\">\u00a0 <\/span>pocen\u00ed, poruchy sp\u00e1nku, \u010dast\u00e9 zm\u011bny n\u00e1lad, deprese, nesoust\u0159ed\u011bnost a z\u00e1vrat\u011b. S nedostatkem estrogen\u016f doch\u00e1z\u00ed k \u00fabytku vody v\u00a0poko\u017ece (zv\u00fd\u0161en\u00e1 tvorba vr\u00e1sek). Obdob\u00ed klimakteria je spojeno se zdravotn\u00edmi pot\u00ed\u017eemi jako osteopor\u00f3za (\u0159\u00eddnut\u00ed kost\u00ed), nadv\u00e1ha, vysok\u00fd krevn\u00ed tlak, zv\u00fd\u0161en\u00e1 hladina cholesterolu (zvy\u0161uje se riziko kardiovaskul\u00e1rn\u00edch onemocn\u011bn\u00ed) a objevuj\u00ed se \u010dast\u00e9 z\u00e1n\u011bty mo\u010dov\u00fdch cest, n\u011bkdy spojen\u00e9 s\u00a0pot\u00ed\u017eemi s\u00a0udr\u017een\u00edm mo\u010de (inkontinence).<span class=\"Apple-converted-space\">\u00a0<\/span><\/p>\n<p><strong>Fytofem Menoforte<\/strong> je p\u0159\u00edpravek vyvinut\u00fd pro \u017eeny, kter\u00e9 cht\u011bj\u00ed bez kompromis\u016f pro\u017e\u00edvat i druhou polovinu sv\u00e9ho \u017eivota. Obsahuje<strong> \u010dty\u0159i komplexy<\/strong> p\u0159\u00edrodn\u00edch l\u00e1tek, miner\u00e1l\u016f a vitamin\u016f, kter\u00e9 v\u00e1m pomohou op\u011bt naj\u00edt a upevnit fyzickou i du\u0161evn\u00ed harmonii.<\/p>\n<\/div><\/section>\n\n<style type=\"text\/css\" data-created_by=\"avia_inline_auto\" id=\"style-css-av-1er13-5bda8c931f124924871badeba2abacd9\">\n.flex_column.av-1er13-5bda8c931f124924871badeba2abacd9{\nborder-radius:0px 0px 0px 0px;\npadding:0px 0px 0px 0px;\n}\n<\/style>\n<div  class='flex_column av-1er13-5bda8c931f124924871badeba2abacd9 av_one_half  avia-builder-el-3  el_after_av_textblock  el_before_av_one_half  first flex_column_div av-zero-column-padding  column-top-margin'     ><style type=\"text\/css\" data-created_by=\"avia_inline_auto\" id=\"style-css-av-m5l683sg-5d756dc82864d28f6d8d339ebda0ba9b\">\n.avia-image-container.av-m5l683sg-5d756dc82864d28f6d8d339ebda0ba9b img.avia_image{\nbox-shadow:none;\n}\n.avia-image-container.av-m5l683sg-5d756dc82864d28f6d8d339ebda0ba9b .av-image-caption-overlay-center{\ncolor:#ffffff;\n}\n<\/style>\n<div  class='avia-image-container av-m5l683sg-5d756dc82864d28f6d8d339ebda0ba9b av-styling- avia-align-center  avia-builder-el-4  avia-builder-el-no-sibling '   itemprop=\"image\" itemscope=\"itemscope\" itemtype=\"https:\/\/schema.org\/ImageObject\" ><div class=\"avia-image-container-inner\"><div class=\"avia-image-overlay-wrap\"><img decoding=\"async\" fetchpriority=\"high\" class='wp-image-117 avia-img-lazy-loading-not-117 avia_image ' src=\"https:\/\/www.fytofem.cz\/menoforte\/wp-content\/uploads\/sites\/10\/2025\/09\/3D-Fytofem_menoforte_90_pecet-300x300.png\" alt='' title='3D Fytofem_menoforte_90_pecet'  height=\"300\" width=\"300\"  itemprop=\"thumbnailUrl\" srcset=\"https:\/\/www.fytofem.cz\/menoforte\/wp-content\/uploads\/sites\/10\/2025\/09\/3D-Fytofem_menoforte_90_pecet-300x300.png 300w, https:\/\/www.fytofem.cz\/menoforte\/wp-content\/uploads\/sites\/10\/2025\/09\/3D-Fytofem_menoforte_90_pecet-1030x1030.png 1030w, https:\/\/www.fytofem.cz\/menoforte\/wp-content\/uploads\/sites\/10\/2025\/09\/3D-Fytofem_menoforte_90_pecet-80x80.png 80w, https:\/\/www.fytofem.cz\/menoforte\/wp-content\/uploads\/sites\/10\/2025\/09\/3D-Fytofem_menoforte_90_pecet-768x768.png 768w, https:\/\/www.fytofem.cz\/menoforte\/wp-content\/uploads\/sites\/10\/2025\/09\/3D-Fytofem_menoforte_90_pecet-1536x1536.png 1536w, https:\/\/www.fytofem.cz\/menoforte\/wp-content\/uploads\/sites\/10\/2025\/09\/3D-Fytofem_menoforte_90_pecet-36x36.png 36w, https:\/\/www.fytofem.cz\/menoforte\/wp-content\/uploads\/sites\/10\/2025\/09\/3D-Fytofem_menoforte_90_pecet-180x180.png 180w, https:\/\/www.fytofem.cz\/menoforte\/wp-content\/uploads\/sites\/10\/2025\/09\/3D-Fytofem_menoforte_90_pecet-1500x1500.png 1500w, https:\/\/www.fytofem.cz\/menoforte\/wp-content\/uploads\/sites\/10\/2025\/09\/3D-Fytofem_menoforte_90_pecet-705x705.png 705w, https:\/\/www.fytofem.cz\/menoforte\/wp-content\/uploads\/sites\/10\/2025\/09\/3D-Fytofem_menoforte_90_pecet.png 2000w\" sizes=\"(max-width: 300px) 100vw, 300px\" \/><\/div><\/div><\/div><\/div>\n<style type=\"text\/css\" data-created_by=\"avia_inline_auto\" id=\"style-css-av-xlcz-e477635533e6651c38e5220d0828f509\">\n.flex_column.av-xlcz-e477635533e6651c38e5220d0828f509{\nborder-radius:0px 0px 0px 0px;\npadding:0px 0px 0px 0px;\n}\n<\/style>\n<div  class='flex_column av-xlcz-e477635533e6651c38e5220d0828f509 av_one_half  avia-builder-el-5  el_after_av_one_half  avia-builder-el-last  flex_column_div av-zero-column-padding  column-top-margin'     ><style type=\"text\/css\" data-created_by=\"avia_inline_auto\" id=\"style-css-av-m5l68vd1-d1404061d7dec33702f03f02219c0473\">\n.avia-image-container.av-m5l68vd1-d1404061d7dec33702f03f02219c0473 img.avia_image{\nbox-shadow:none;\n}\n.avia-image-container.av-m5l68vd1-d1404061d7dec33702f03f02219c0473 .av-image-caption-overlay-center{\ncolor:#ffffff;\n}\n<\/style>\n<div  class='avia-image-container av-m5l68vd1-d1404061d7dec33702f03f02219c0473 av-styling- avia-align-center  avia-builder-el-6  avia-builder-el-no-sibling '   itemprop=\"image\" itemscope=\"itemscope\" itemtype=\"https:\/\/schema.org\/ImageObject\" ><div class=\"avia-image-container-inner\"><div class=\"avia-image-overlay-wrap\"><img decoding=\"async\" fetchpriority=\"high\" class='wp-image-118 avia-img-lazy-loading-not-118 avia_image ' src=\"https:\/\/www.fytofem.cz\/menoforte\/wp-content\/uploads\/sites\/10\/2025\/09\/3D-Fytofem_menoforte_30_pecet-300x300.png\" alt='' title='3D Fytofem_menoforte_30_pecet'  height=\"300\" width=\"300\"  itemprop=\"thumbnailUrl\" srcset=\"https:\/\/www.fytofem.cz\/menoforte\/wp-content\/uploads\/sites\/10\/2025\/09\/3D-Fytofem_menoforte_30_pecet-300x300.png 300w, https:\/\/www.fytofem.cz\/menoforte\/wp-content\/uploads\/sites\/10\/2025\/09\/3D-Fytofem_menoforte_30_pecet-1030x1030.png 1030w, https:\/\/www.fytofem.cz\/menoforte\/wp-content\/uploads\/sites\/10\/2025\/09\/3D-Fytofem_menoforte_30_pecet-80x80.png 80w, https:\/\/www.fytofem.cz\/menoforte\/wp-content\/uploads\/sites\/10\/2025\/09\/3D-Fytofem_menoforte_30_pecet-768x768.png 768w, https:\/\/www.fytofem.cz\/menoforte\/wp-content\/uploads\/sites\/10\/2025\/09\/3D-Fytofem_menoforte_30_pecet-36x36.png 36w, https:\/\/www.fytofem.cz\/menoforte\/wp-content\/uploads\/sites\/10\/2025\/09\/3D-Fytofem_menoforte_30_pecet-180x180.png 180w, https:\/\/www.fytofem.cz\/menoforte\/wp-content\/uploads\/sites\/10\/2025\/09\/3D-Fytofem_menoforte_30_pecet-705x705.png 705w, https:\/\/www.fytofem.cz\/menoforte\/wp-content\/uploads\/sites\/10\/2025\/09\/3D-Fytofem_menoforte_30_pecet.png 1181w\" sizes=\"(max-width: 300px) 100vw, 300px\" \/><\/div><\/div><\/div><\/div><\/p>\n","protected":false},"excerpt":{"rendered":"","protected":false},"author":1,"featured_media":0,"parent":0,"menu_order":0,"comment_status":"closed","ping_status":"closed","template":"","meta":{"_acf_changed":false,"footnotes":""},"class_list":["post-27","page","type-page","status-publish","hentry"],"acf":[],"_links":{"self":[{"href":"https:\/\/www.fytofem.cz\/menoforte\/wp-json\/wp\/v2\/pages\/27","targetHints":{"allow":["GET"]}}],"collection":[{"href":"https:\/\/www.fytofem.cz\/menoforte\/wp-json\/wp\/v2\/pages"}],"about":[{"href":"https:\/\/www.fytofem.cz\/menoforte\/wp-json\/wp\/v2\/types\/page"}],"author":[{"embeddable":true,"href":"https:\/\/www.fytofem.cz\/menoforte\/wp-json\/wp\/v2\/users\/1"}],"replies":[{"embeddable":true,"href":"https:\/\/www.fytofem.cz\/menoforte\/wp-json\/wp\/v2\/comments?post=27"}],"version-history":[{"count":6,"href":"https:\/\/www.fytofem.cz\/menoforte\/wp-json\/wp\/v2\/pages\/27\/revisions"}],"predecessor-version":[{"id":121,"href":"https:\/\/www.fytofem.cz\/menoforte\/wp-json\/wp\/v2\/pages\/27\/revisions\/121"}],"wp:attachment":[{"href":"https:\/\/www.fytofem.cz\/menoforte\/wp-json\/wp\/v2\/media?parent=27"}],"curies":[{"name":"wp","href":"https:\/\/api.w.org\/{rel}","templated":true}]}}