{"id":30,"date":"2025-01-06T12:33:32","date_gmt":"2025-01-06T11:33:32","guid":{"rendered":"https:\/\/www.fytofem.cz\/meno-forte\/?page_id=30"},"modified":"2025-08-04T12:20:08","modified_gmt":"2025-08-04T10:20:08","slug":"pribalova-informace","status":"publish","type":"page","link":"https:\/\/www.fytofem.cz\/menoforte\/pribalova-informace\/","title":{"rendered":"P\u0159\u00edbalov\u00e1 informace"},"content":{"rendered":"<div  class='flex_column av-1ksjm-9d69208ee255a930312ba4e481f05188 av_one_third  avia-builder-el-0  el_before_av_one_half  avia-builder-el-first  first flex_column_div  '     ><article  class='iconbox iconbox_top av-m5l6q742-6eb57454f593d9456a340494baccbeb3  avia-builder-el-1  avia-builder-el-no-sibling  main_color'  itemscope=\"itemscope\" itemtype=\"https:\/\/schema.org\/CreativeWork\" ><div class=\"iconbox_content\"><header class=\"entry-content-header\" aria-label=\"Icon: P\u0159\u00edbalov\u00fd let\u00e1k\"><div class='iconbox_icon heading-color avia-iconfont avia-font-entypo-fontello' data-av_icon='\ue8b0' data-av_iconfont='entypo-fontello'  ><\/div><h3 class='iconbox_content_title '  itemprop=\"headline\" >P\u0159\u00edbalov\u00fd let\u00e1k<\/h3><\/header><div class='iconbox_content_container '  itemprop=\"text\" ><p style=\"text-align: center;\"><a href=\"https:\/\/www.fytofem.cz\/meno-forte\/wp-content\/uploads\/sites\/10\/2025\/01\/OT03_24_Fytofem_menoforte_pribal_final.pdf\"> P\u0159\u00edbalov\u00fd let\u00e1k ve form\u00e1tu PDF ke sta\u017een\u00ed zde<\/a><\/p>\n<\/div><\/div><footer class=\"entry-footer\"><\/footer><\/article><\/div>\n<div  class='flex_column av-ujsi-9aa595db1a65a954ca15ab36857d3989 av_one_half  avia-builder-el-2  el_after_av_one_third  avia-builder-el-last  flex_column_div  '     ><style type=\"text\/css\" data-created_by=\"avia_inline_auto\" id=\"style-css-av-mdii7t02-7d0ba7366754c701a5516ddedb253c34\">\n.avia-image-container.av-mdii7t02-7d0ba7366754c701a5516ddedb253c34 img.avia_image{\nbox-shadow:none;\n}\n.avia-image-container.av-mdii7t02-7d0ba7366754c701a5516ddedb253c34 .av-image-caption-overlay-center{\ncolor:#ffffff;\n}\n<\/style>\n<div  class='avia-image-container av-mdii7t02-7d0ba7366754c701a5516ddedb253c34 av-styling- av-img-linked avia-align-center  avia-builder-el-3  avia-builder-el-no-sibling '   itemprop=\"image\" itemscope=\"itemscope\" itemtype=\"https:\/\/schema.org\/ImageObject\" ><div class=\"avia-image-container-inner\"><div class=\"avia-image-overlay-wrap\"><a href=\"https:\/\/www.fytofem.cz\/menoforte\/wp-content\/uploads\/sites\/10\/2025\/08\/Pribalak-Menoforte-kopie.jpg\" data-srcset=\"https:\/\/www.fytofem.cz\/menoforte\/wp-content\/uploads\/sites\/10\/2025\/08\/Pribalak-Menoforte-kopie.jpg 850w, https:\/\/www.fytofem.cz\/menoforte\/wp-content\/uploads\/sites\/10\/2025\/08\/Pribalak-Menoforte-kopie-300x176.jpg 300w, https:\/\/www.fytofem.cz\/menoforte\/wp-content\/uploads\/sites\/10\/2025\/08\/Pribalak-Menoforte-kopie-768x450.jpg 768w, https:\/\/www.fytofem.cz\/menoforte\/wp-content\/uploads\/sites\/10\/2025\/08\/Pribalak-Menoforte-kopie-705x413.jpg 705w\" data-sizes=\"(max-width: 850px) 100vw, 850px\" class='avia_image '  aria-label='P\u0159\u00edbal\u00e1k Menoforte (kopie)'><img decoding=\"async\" fetchpriority=\"high\" class='wp-image-103 avia-img-lazy-loading-not-103 avia_image ' src=\"https:\/\/www.fytofem.cz\/menoforte\/wp-content\/uploads\/sites\/10\/2025\/08\/Pribalak-Menoforte-kopie.jpg\" alt='' title='P\u0159\u00edbal\u00e1k Menoforte (kopie)'  height=\"498\" width=\"850\"  itemprop=\"thumbnailUrl\" srcset=\"https:\/\/www.fytofem.cz\/menoforte\/wp-content\/uploads\/sites\/10\/2025\/08\/Pribalak-Menoforte-kopie.jpg 850w, https:\/\/www.fytofem.cz\/menoforte\/wp-content\/uploads\/sites\/10\/2025\/08\/Pribalak-Menoforte-kopie-300x176.jpg 300w, https:\/\/www.fytofem.cz\/menoforte\/wp-content\/uploads\/sites\/10\/2025\/08\/Pribalak-Menoforte-kopie-768x450.jpg 768w, https:\/\/www.fytofem.cz\/menoforte\/wp-content\/uploads\/sites\/10\/2025\/08\/Pribalak-Menoforte-kopie-705x413.jpg 705w\" sizes=\"(max-width: 850px) 100vw, 850px\" \/><\/a><\/div><\/div><\/div><\/div>\n","protected":false},"excerpt":{"rendered":"","protected":false},"author":1,"featured_media":0,"parent":0,"menu_order":0,"comment_status":"closed","ping_status":"closed","template":"","meta":{"_acf_changed":false,"footnotes":""},"class_list":["post-30","page","type-page","status-publish","hentry"],"acf":[],"_links":{"self":[{"href":"https:\/\/www.fytofem.cz\/menoforte\/wp-json\/wp\/v2\/pages\/30","targetHints":{"allow":["GET"]}}],"collection":[{"href":"https:\/\/www.fytofem.cz\/menoforte\/wp-json\/wp\/v2\/pages"}],"about":[{"href":"https:\/\/www.fytofem.cz\/menoforte\/wp-json\/wp\/v2\/types\/page"}],"author":[{"embeddable":true,"href":"https:\/\/www.fytofem.cz\/menoforte\/wp-json\/wp\/v2\/users\/1"}],"replies":[{"embeddable":true,"href":"https:\/\/www.fytofem.cz\/menoforte\/wp-json\/wp\/v2\/comments?post=30"}],"version-history":[{"count":7,"href":"https:\/\/www.fytofem.cz\/menoforte\/wp-json\/wp\/v2\/pages\/30\/revisions"}],"predecessor-version":[{"id":102,"href":"https:\/\/www.fytofem.cz\/menoforte\/wp-json\/wp\/v2\/pages\/30\/revisions\/102"}],"wp:attachment":[{"href":"https:\/\/www.fytofem.cz\/menoforte\/wp-json\/wp\/v2\/media?parent=30"}],"curies":[{"name":"wp","href":"https:\/\/api.w.org\/{rel}","templated":true}]}}