{"id":70,"date":"2025-04-16T16:03:10","date_gmt":"2025-04-16T14:03:10","guid":{"rendered":"https:\/\/www.fytofem.cz\/menoforte\/?page_id=70"},"modified":"2025-08-05T11:06:07","modified_gmt":"2025-08-05T09:06:07","slug":"zkusenosti-uzivatelek","status":"publish","type":"page","link":"https:\/\/www.fytofem.cz\/menoforte\/zkusenosti-uzivatelek\/","title":{"rendered":"Zku\u0161enosti u\u017eivatelek"},"content":{"rendered":"\n<style type=\"text\/css\" data-created_by=\"avia_inline_auto\" id=\"style-css-av-lxwveggf-e6c2c1955fe84c020e6c42407f63709e\">\n.avia-section.av-lxwveggf-e6c2c1955fe84c020e6c42407f63709e{\nmargin-top:0px;\nmargin-bottom:0px;\n}\n<\/style>\n<div id='story-wrapper'  class='avia-section av-lxwveggf-e6c2c1955fe84c020e6c42407f63709e main_color avia-section-default avia-no-border-styling  avia-builder-el-0  avia-builder-el-no-sibling  avia-bg-style-scroll container_wrap sidebar_right'  ><div class='container av-section-cont-open' ><main  role=\"main\" itemprop=\"mainContentOfPage\"  class='template-page content  av-content-small alpha units'><div class='post-entry post-entry-type-page post-entry-70'><div class='entry-content-wrapper clearfix'>\n<div class='flex_column_table av-suiyd-567e84d8d9141ea174c140a425474b78 sc-av_one_third av-equal-height-column-flextable'>\n<style type=\"text\/css\" data-created_by=\"avia_inline_auto\" id=\"style-css-av-suiyd-567e84d8d9141ea174c140a425474b78\">\n.flex_column.av-suiyd-567e84d8d9141ea174c140a425474b78{\nborder-radius:0px 0px 0px 0px;\npadding:0px 0px 0px 0px;\n}\n<\/style>\n<div  class='flex_column av-suiyd-567e84d8d9141ea174c140a425474b78 av_one_third  avia-builder-el-1  el_before_av_one_third  avia-builder-el-first  first flex_column_table_cell av-equal-height-column av-align-middle av-zero-column-padding  '     ><\/div><div class='av-flex-placeholder'><\/div>\n<style type=\"text\/css\" data-created_by=\"avia_inline_auto\" id=\"style-css-av-j7et9-eaf33504eeb682feee3b953023c07389\">\n.flex_column.av-j7et9-eaf33504eeb682feee3b953023c07389{\nborder-radius:0px 0px 0px 0px;\npadding:0px 0px 0px 0px;\n}\n<\/style>\n<div  class='flex_column av-j7et9-eaf33504eeb682feee3b953023c07389 av_one_third  avia-builder-el-2  el_after_av_one_third  el_before_av_one_third  flex_column_table_cell av-equal-height-column av-align-middle av-zero-column-padding  '     ><p>\n<style type=\"text\/css\" data-created_by=\"avia_inline_auto\" id=\"style-css-av-a2u3x-b44fd221adc914c0ab598d1dcdaecc42\">\n#top .av-special-heading.av-a2u3x-b44fd221adc914c0ab598d1dcdaecc42{\npadding-bottom:10px;\ncolor:#754282;\nfont-size:25px;\n}\nbody .av-special-heading.av-a2u3x-b44fd221adc914c0ab598d1dcdaecc42 .av-special-heading-tag .heading-char{\nfont-size:25px;\n}\n#top #wrap_all .av-special-heading.av-a2u3x-b44fd221adc914c0ab598d1dcdaecc42 .av-special-heading-tag{\nfont-size:25px;\n}\n.av-special-heading.av-a2u3x-b44fd221adc914c0ab598d1dcdaecc42 .special-heading-inner-border{\nborder-color:#754282;\n}\n.av-special-heading.av-a2u3x-b44fd221adc914c0ab598d1dcdaecc42 .av-subheading{\nfont-size:22px;\n}\n\n@media only screen and (min-width: 480px) and (max-width: 767px){ \n#top #wrap_all .av-special-heading.av-a2u3x-b44fd221adc914c0ab598d1dcdaecc42 .av-special-heading-tag{\nfont-size:0.8em;\n}\n}\n\n@media only screen and (max-width: 479px){ \n#top #wrap_all .av-special-heading.av-a2u3x-b44fd221adc914c0ab598d1dcdaecc42 .av-special-heading-tag{\nfont-size:0.8em;\n}\n}\n<\/style>\n<div  class='av-special-heading av-a2u3x-b44fd221adc914c0ab598d1dcdaecc42 av-special-heading-h1 custom-color-heading blockquote classic-quote  avia-builder-el-3  el_before_av_hr  avia-builder-el-first  av-inherit-size'><h1 class='av-special-heading-tag '  itemprop=\"headline\"  >Zku\u0161enosti \u017een<\/h1><div class='av_custom_color av-subheading av-subheading_below'><p>s produktem FytoFEM Menoforte<\/p>\n<\/div><div class=\"special-heading-border\"><div class=\"special-heading-inner-border\"><\/div><\/div><\/div><br \/>\n\n<style type=\"text\/css\" data-created_by=\"avia_inline_auto\" id=\"style-css-av-lxmv0gn2-92dd0c014a068710f7644fc44c30257c\">\n#top .hr.av-lxmv0gn2-92dd0c014a068710f7644fc44c30257c{\nmargin-top:10px;\nmargin-bottom:10px;\n}\n.hr.av-lxmv0gn2-92dd0c014a068710f7644fc44c30257c .hr-inner{\nwidth:50px;\nborder-color:#754282;\nmax-width:45%;\n}\n.hr.av-lxmv0gn2-92dd0c014a068710f7644fc44c30257c .av-seperator-icon{\ncolor:#754282;\n}\n.hr.av-lxmv0gn2-92dd0c014a068710f7644fc44c30257c .av-seperator-icon.avia-svg-icon svg:first-child{\nfill:#754282;\nstroke:#754282;\n}\n<\/style>\n<div  class='hr av-lxmv0gn2-92dd0c014a068710f7644fc44c30257c hr-custom  avia-builder-el-4  el_after_av_heading  avia-builder-el-last  hr-center hr-icon-yes'><span class='hr-inner inner-border-av-border-thin'><span class=\"hr-inner-style\"><\/span><\/span><span class='av-seperator-icon avia-iconfont avia-font-entypo-fontello' data-av_icon='\ue849' data-av_iconfont='entypo-fontello' ><\/span><span class='hr-inner inner-border-av-border-thin'><span class=\"hr-inner-style\"><\/span><\/span><\/div><\/p><\/div><div class='av-flex-placeholder'><\/div>\n<style type=\"text\/css\" data-created_by=\"avia_inline_auto\" id=\"style-css-av-7z745-36e90db71801d6011c517e4f253820c8\">\n.flex_column.av-7z745-36e90db71801d6011c517e4f253820c8{\nborder-radius:0px 0px 0px 0px;\npadding:0px 0px 0px 0px;\n}\n<\/style>\n<div  class='flex_column av-7z745-36e90db71801d6011c517e4f253820c8 av_one_third  avia-builder-el-5  el_after_av_one_third  el_before_av_textblock  flex_column_table_cell av-equal-height-column av-align-middle av-zero-column-padding  '     ><style type=\"text\/css\" data-created_by=\"avia_inline_auto\" id=\"style-css-av-lxyhj4uy-d1992db50d11e76a3a3d964c9fce0d16\">\n.avia-image-container.av-lxyhj4uy-d1992db50d11e76a3a3d964c9fce0d16 img.avia_image{\nbox-shadow:none;\n}\n.avia-image-container.av-lxyhj4uy-d1992db50d11e76a3a3d964c9fce0d16 .av-image-caption-overlay-center{\ncolor:#ffffff;\n}\n<\/style>\n<div  class='avia-image-container av-lxyhj4uy-d1992db50d11e76a3a3d964c9fce0d16 av-styling- avia-align-right  avia-builder-el-6  avia-builder-el-no-sibling '   itemprop=\"image\" itemscope=\"itemscope\" itemtype=\"https:\/\/schema.org\/ImageObject\" ><div class=\"avia-image-container-inner\"><div class=\"avia-image-overlay-wrap\"><img decoding=\"async\" fetchpriority=\"high\" class='wp-image-53 avia-img-lazy-loading-not-53 avia_image ' src=\"https:\/\/www.fytofem.cz\/menoforte\/wp-content\/uploads\/sites\/10\/2025\/01\/Fytofem_menoforte_3D_90-300x226.webp\" alt='' title='Fytofem_menoforte_3D_90'  height=\"226\" width=\"300\"  itemprop=\"thumbnailUrl\" srcset=\"https:\/\/www.fytofem.cz\/menoforte\/wp-content\/uploads\/sites\/10\/2025\/01\/Fytofem_menoforte_3D_90-300x226.webp 300w, https:\/\/www.fytofem.cz\/menoforte\/wp-content\/uploads\/sites\/10\/2025\/01\/Fytofem_menoforte_3D_90-1030x775.webp 1030w, https:\/\/www.fytofem.cz\/menoforte\/wp-content\/uploads\/sites\/10\/2025\/01\/Fytofem_menoforte_3D_90-768x578.webp 768w, https:\/\/www.fytofem.cz\/menoforte\/wp-content\/uploads\/sites\/10\/2025\/01\/Fytofem_menoforte_3D_90-1536x1156.webp 1536w, https:\/\/www.fytofem.cz\/menoforte\/wp-content\/uploads\/sites\/10\/2025\/01\/Fytofem_menoforte_3D_90-1500x1129.webp 1500w, https:\/\/www.fytofem.cz\/menoforte\/wp-content\/uploads\/sites\/10\/2025\/01\/Fytofem_menoforte_3D_90-705x530.webp 705w, https:\/\/www.fytofem.cz\/menoforte\/wp-content\/uploads\/sites\/10\/2025\/01\/Fytofem_menoforte_3D_90.webp 1769w\" sizes=\"(max-width: 300px) 100vw, 300px\" \/><\/div><\/div><\/div><\/div><\/div><!--close column table wrapper. Autoclose: 1 --><section  class='av_textblock_section av-73ayt-82bc8c9194d2db22b0d7115f780b8725 '   itemscope=\"itemscope\" itemtype=\"https:\/\/schema.org\/CreativeWork\" ><div class='avia_textblock'  itemprop=\"text\" > <div class=\"stories\">\t\t\t\t\t\n\t\t\t\t\t   \n\t\t\t<div \n\t\t\t\tid=\"romana-50-let\" \n\t\t\t\tclass=\"story sticky11\">\n\t\t\t\n\t\t\t\n\t\t\t\t<div class=\"inner\" >\n\t\t\t\t\t<h4>Romana, 50 let<\/h4>\n\t\t\t\n\t\t\t\t\t<p>V\u00a050 letech mi za\u010daly n\u00e1valy, pocen\u00ed, \u0161patn\u00fd sp\u00e1nek. Za\u010dala jsem u\u017e\u00edvat jin\u00fd p\u0159ipravek, to bohu\u017eel nezab\u00edralo. P\u0159e\u0161la jsem na 2 tablety Fytofem Menoforte, b\u011bhem m\u011bs\u00edce n\u00e1valy zcela p\u0159estaly, celkov\u011b zklidn\u011bn\u00ed a lep\u0161\u00ed sp\u00e1nek.<\/p>\n\t\t\t\t\t<\/div>\n\t\t\t\n\t\t\n\t\t<\/div>\n\t\t\t\t\t\t\t\n\t\t\t\t\t   \n\t\t\t<div \n\t\t\t\tid=\"ilona-52-let\" \n\t\t\t\tclass=\"story sticky4a\">\n\t\t\t\n\t\t\t\n\t\t\t\t<div class=\"inner\" >\n\t\t\t\t\t<h4>Ilona, 52 let<\/h4>\n\t\t\t\n\t\t\t\t\t<p style=\"font-weight: 400;\">Dobr\u00fd den,<\/p>\n<p>cht\u011bla bych se pod\u011blit o dobrou zku\u0161enost s v\u00fdrobkem FytoFEM Menoforte. Na za\u010d\u00e1tku \u010dervence tohoto roku jsem byla na pravideln\u00e9 preventivn\u00ed prohl\u00eddce u sv\u00e9 gynekolo\u017eky a potom, co jsem j\u00ed popsala m\u00e9 p\u0159\u00edznaky pr\u00e1v\u011b\u00a0 prob\u00edhaj\u00edc\u00ed menopauzy, m\u011b sezn\u00e1mila s dopl\u0148kem stravy, kter\u00fd by mi tuto \u017eivotn\u00ed\u00a0 etapu usnadnil.\u00a0 Nebrala jsem nikdy hormon\u00e1ln\u00ed antikoncepci a ani nyn\u00ed nechci t\u011blu dod\u00e1vat chemii &#8211; hormony. Krom\u011b tobolek s papulkov\u00fdm olejem jsem ho tedy zkusila. Tento v\u00fdrobek mi vyhovuje, proto\u017ee je na p\u0159\u00edrodn\u00ed b\u00e1zi a v boji s projevy menopauzy mi u\u017e druh\u00fd m\u011bs\u00edc pom\u00e1h\u00e1. V\u011b\u0159\u00edm, \u017ee p\u0159i dlouhodob\u011bj\u0161\u00edm pou\u017e\u00edv\u00e1n\u00ed bude v\u0161e \/sp\u00e1nek, psychika\/ op\u011bt komfortn\u00ed.<\/p>\n<p>P\u0159eji i ostatn\u00edm \u017een\u00e1m, aby v n\u011bm na\u0161li fajn pomocn\u00edka.<\/p>\n\t\t\t\t\t<\/div>\n\t\t\t\n\t\t\n\t\t<\/div>\n\t\t\t\t\t\t\t\n\t\t\t\t\t   \n\t\t\t<div \n\t\t\t\tid=\"marketa-48-let\" \n\t\t\t\tclass=\"story sticky3\">\n\t\t\t\n\t\t\t\n\t\t\t\t<div class=\"inner\" >\n\t\t\t\t\t<h4>Mark\u00e9ta, 48 let<\/h4>\n\t\t\t\n\t\t\t\t\t<p>Velk\u00e9 plus je pro m\u011b p\u0159\u00edrodn\u00ed slo\u017een\u00ed. Nemus\u00edm sahat po hormonech a p\u0159esto m\u00e1m v\u00fdsledky \u2013 hlavn\u011b zm\u00edrn\u011bn\u00ed pocen\u00ed a klidn\u011bj\u0161\u00ed sp\u00e1nek.<\/p>\n\t\t\t\t\t<\/div>\n\t\t\t\n\t\t\n\t\t<\/div>\n\t\t\t\t\t\t\t\n\t\t\t\t\t   \n\t\t\t<div \n\t\t\t\tid=\"renata-49-let\" \n\t\t\t\tclass=\"story sticky1\">\n\t\t\t\n\t\t\t\n\t\t\t\t<div class=\"inner\" >\n\t\t\t\t\t<h4>Renata, 49 let<\/h4>\n\t\t\t\n\t\t\t\t\t<p>M\u011bla jsem probl\u00e9my s koncentrac\u00ed a \u00fanavou, ale po nasazen\u00ed Menoforte se v\u0161echno zlep\u0161ilo. C\u00edt\u00edm se op\u011bt pln\u00e1 energie.<\/p>\n\t\t\t\t\t<\/div>\n\t\t\t\n\t\t\n\t\t<\/div>\n\t\t\t\t\t\t\t\n\t\t\t\t\t   \n\t\t\t<div \n\t\t\t\tid=\"hanka-47-let\" \n\t\t\t\tclass=\"story sticky11\">\n\t\t\t\n\t\t\t\n\t\t\t\t<div class=\"inner\" >\n\t\t\t\t\t<h4>Hanka, 47 let<\/h4>\n\t\t\t\n\t\t\t\t\t<p>U\u017e\u00edv\u00e1m pravideln\u011b a v\u00fdsledky jsou skv\u011bl\u00e9 \u2013 m\u00e9n\u011b n\u00e1val\u016f, lep\u0161\u00ed sp\u00e1nek, v\u011bt\u0161\u00ed chu\u0165 do \u017eivota. Doporu\u010dila bych ka\u017ed\u00e9 \u017een\u011b.<\/p>\n\t\t\t\t\t<\/div>\n\t\t\t\n\t\t\n\t\t<\/div>\n\t\t\t\t\t\t\t\n\t\t\t\t\t   \n\t\t\t<div \n\t\t\t\tid=\"helena-59-let\" \n\t\t\t\tclass=\"story sticky10\">\n\t\t\t\n\t\t\t\n\t\t\t\t<div class=\"inner\" >\n\t\t\t\t\t<h4>Helena, 59 let<\/h4>\n\t\t\t\n\t\t\t\t\t<p>P\u0159\u00edjemn\u011b m\u011b p\u0159ekvapilo, jak rychle jsem poc\u00edtila \u00fa\u010dinek. Nejsem tolik podr\u00e1\u017ed\u011bn\u00e1 a c\u00edt\u00edm se mnohem stabiln\u011bji. Doporu\u010duji.<\/p>\n\t\t\t\t\t<\/div>\n\t\t\t\n\t\t\n\t\t<\/div>\n\t\t\t\t\t\t\t\n\t\t\t\t\t   \n\t\t\t<div \n\t\t\t\tid=\"romana-55-let\" \n\t\t\t\tclass=\"story sticky8\">\n\t\t\t\n\t\t\t\n\t\t\t\t<div class=\"inner\" >\n\t\t\t\t\t<h4>Romana, 55 let<\/h4>\n\t\t\t\n\t\t\t\t\t<p>Menoforte mi doporu\u010dila kamar\u00e1dka a jsem j\u00ed vd\u011b\u010dn\u00e1. \u00dazkosti i n\u00e1valy horka se zm\u00edrnily a m\u00e1m pocit, \u017ee zase norm\u00e1ln\u011b funguju.<\/p>\n\t\t\t\t\t<\/div>\n\t\t\t\n\t\t\n\t\t<\/div>\n\t\t\t\t\t\t\t\n\t\t\t\t\t   \n\t\t\t<div \n\t\t\t\tid=\"lenka-58-let\" \n\t\t\t\tclass=\"story sticky7\">\n\t\t\t\n\t\t\t\n\t\t\t\t<div class=\"inner\" >\n\t\t\t\t\t<h4>Lenka, 58 let<\/h4>\n\t\t\t\n\t\t\t\t\t<p>Dlouho jsem v\u00e1hala, ale nelituji. Kone\u010dn\u011b se mi vr\u00e1tila energie a zvl\u00e1d\u00e1m pr\u00e1ci i dom\u00e1cnost bez neust\u00e1l\u00e9ho vy\u010derp\u00e1n\u00ed.<\/p>\n\t\t\t\t\t<\/div>\n\t\t\t\n\t\t\n\t\t<\/div>\n\t\t\t\t\t\t\t\n\t\t\t\t\t   \n\t\t\t<div \n\t\t\t\tid=\"kamila-51-let\" \n\t\t\t\tclass=\"story sticky5\">\n\t\t\t\n\t\t\t\n\t\t\t\t<div class=\"inner\" >\n\t\t\t\t\t<h4>Kamila, 51 let<\/h4>\n\t\t\t\n\t\t\t\t\t<p>Po dvou t\u00fddnech jsem zaznamenala prvn\u00ed zm\u011bny \u2013 men\u0161\u00ed pocen\u00ed a lep\u0161\u00ed n\u00e1ladu. Postupn\u011b se zlep\u0161ila i kvalita sp\u00e1nku.<\/p>\n\t\t\t\t\t<\/div>\n\t\t\t\n\t\t\n\t\t<\/div>\n\t\t\t\t\t\t\t\n\t\t\t\t\t   \n\t\t\t<div \n\t\t\t\tid=\"katerina-44-let\" \n\t\t\t\tclass=\"story sticky4\">\n\t\t\t\n\t\t\t\n\t\t\t\t<div class=\"inner\" >\n\t\t\t\t\t<h4>Kate\u0159ina, 44 let<\/h4>\n\t\t\t\n\t\t\t\t\t<p>Vyzkou\u0161ela jsem n\u011bkolik p\u0159\u00edpravk\u016f na menopauzu, ale a\u017e Menoforte opravdu zabral. Nejv\u00edc oce\u0148uji, \u017ee je \u010dist\u011b p\u0159\u00edrodn\u00ed.<\/p>\n\t\t\t\t\t<\/div>\n\t\t\t\n\t\t\n\t\t<\/div>\n\t\t\t\t\t\t\t\n\t\t\t\t\t   \n\t\t\t<div \n\t\t\t\tid=\"jarmila-62-let\" \n\t\t\t\tclass=\"story sticky3\">\n\t\t\t\n\t\t\t\n\t\t\t\t<div class=\"inner\" >\n\t\t\t\t\t<h4>Jarmila, 62 let<\/h4>\n\t\t\t\n\t\t\t\t\t<p>Po p\u016fl roce u\u017e\u00edv\u00e1n\u00ed m\u016f\u017eu \u0159\u00edct, \u017ee jsem op\u011bt sama sebou. U\u017e nem\u00e1m takov\u00e9 v\u00fdkyvy n\u00e1lad a \u00fanava je pry\u010d. Za m\u011b skv\u011bl\u00fd produkt.<\/p>\n\t\t\t\t\t<\/div>\n\t\t\t\n\t\t\n\t\t<\/div>\n\t\t\t\t\t\t\t\n\t\t\t\t\t   \n\t\t\t<div \n\t\t\t\tid=\"eva-54-let\" \n\t\t\t\tclass=\"story sticky11\">\n\t\t\t\n\t\t\t\n\t\t\t\t<div class=\"inner\" >\n\t\t\t\t\t<h4>Eva, 54 let<\/h4>\n\t\t\t\n\t\t\t\t\t<p>Fytofem Menoforte u\u017e\u00edv\u00e1m t\u0159et\u00ed m\u011bs\u00edc a kone\u010dn\u011b sp\u00edm celou noc. N\u00e1valy horka t\u00e9m\u011b\u0159 zmizely a c\u00edt\u00edm se mnohem vyrovnan\u011bj\u0161\u00ed.<\/p>\n\t\t\t\t\t<\/div>\n\t\t\t\n\t\t\n\t\t<\/div>\n\t\t\t\t\t\t\t\n\t\t\t\t\t   \n\t\t\t<div \n\t\t\t\tid=\"jana-54-let\" \n\t\t\t\tclass=\"story sticky5\">\n\t\t\t\n\t\t\t\n\t\t\t\t<div class=\"inner\" >\n\t\t\t\t\t<h4>Jana, 54 let<\/h4>\n\t\t\t\n\t\t\t\t\t<p>Fytofem Menoforte je fak super. Po p\u00e1r t\u00fddnech u\u017e\u00edv\u00e1n\u00ed mi zcela vymizely n\u00e1valy horka a v\u00fdrazn\u011b se zlep\u0161il sp\u00e1nek, ji\u017e se nebud\u00edm po 3 hodin\u00e1ch&#8230; Moc d\u011bkuji za tento &#8222;mal\u00fd z\u00e1zrak&#8220;.<\/p>\n\t\t\t\t\t<\/div>\n\t\t\t\n\t\t\n\t\t<\/div>\n\t\t\t\t\t\t\t\n\t\t\t\t\t   \n\t\t\t<div \n\t\t\t\tid=\"hana-53-let\" \n\t\t\t\tclass=\"story sticky1\">\n\t\t\t\n\t\t\t\n\t\t\t\t<div class=\"inner\" >\n\t\t\t\t\t<h4>Hana, 53 let<\/h4>\n\t\t\t\n\t\t\t\t\t<p>Po n\u011bkolika m\u011bs\u00edc\u00edch u\u017e\u00edv\u00e1n\u00ed Fytofemu Menoforte mus\u00edm \u0159\u00edct, \u017ee jsem nad\u0161en\u00e1. M\u011bla jsem probl\u00e9my s bolestmi kloub\u016f, kter\u00e9 m\u011b dost omezovaly, a tak\u00e9 s celkov\u00fdm nedostatkem energie. U\u017e po prvn\u00edm m\u011bs\u00edci jsem c\u00edtila, \u017ee se klouby zlep\u0161uj\u00ed a bolesti polevuj\u00ed. Nav\u00edc se mi vr\u00e1tila chu\u0165 do \u017eivota, m\u00e1m v\u00edc vitality a c\u00edt\u00edm se celkov\u011b l\u00e9pe. Je to skv\u011bl\u00fd pomocn\u00edk pro zvl\u00e1d\u00e1n\u00ed p\u0159\u00edznak\u016f menopauzy a jsem r\u00e1da, \u017ee jsem ho objevila.<\/p>\n\t\t\t\t\t<\/div>\n\t\t\t\n\t\t\n\t\t<\/div>\n\t\t\t\t\t\t\t\n\t\t\t\t\t   \n\t\t\t<div \n\t\t\t\tid=\"eva-49-let\" \n\t\t\t\tclass=\"story sticky7a\">\n\t\t\t\n\t\t\t\n\t\t\t\t<div class=\"inner\" >\n\t\t\t\t\t<h4>Eva, 49 let<\/h4>\n\t\t\t\n\t\t\t\t\t<p>Nem\u016f\u017eu si Fytofem Menoforte vynachv\u00e1lit! B\u011bhem p\u0159echodu jsem za\u017e\u00edvala siln\u00e9 <b>zm\u011bny n\u00e1lad<\/b>, byla jsem podr\u00e1\u017ed\u011bn\u00e1 a c\u00edtila jsem se neust\u00e1le unaven\u00e1. Hledala jsem n\u011bco p\u0159\u00edrodn\u00edho a Fytofem Menoforte mi doporu\u010dila kamar\u00e1dka. U\u017e\u00edv\u00e1m ho asi t\u0159i m\u011bs\u00edce a mus\u00edm \u0159\u00edct, \u017ee se mi <b>psychika<\/b> v\u00fdrazn\u011b stabilizovala. Nejsem u\u017e tak v\u00fdbu\u0161n\u00e1, m\u00e1m v\u00edc klidu a celkov\u011b se c\u00edt\u00edm mnohem vyrovnan\u011bj\u0161\u00ed. Dokonce i ta <b>\u00fanava ustoupila<\/b> a m\u00e1m zase chu\u0165 do \u017eivota. Opravdu to stoj\u00ed za vyzkou\u0161en\u00ed!<\/p>\n\t\t\t\t\t<\/div>\n\t\t\t\n\t\t\n\t\t<\/div>\n\t\t\t\t\t\t\t\n\t\t\t\t\t   \n\t\t\t<div \n\t\t\t\tid=\"jana-52-le\" \n\t\t\t\tclass=\"story sticky4\">\n\t\t\t\n\t\t\t\n\t\t\t\t<div class=\"inner\" >\n\t\t\t\t\t<h4>Jana, 52 let<\/h4>\n\t\t\t\n\t\t\t\t\t<p>Fytofem Menoforte je pro m\u011b doslova z\u00e1chrana! Tr\u00e1pily m\u011b hrozn\u00e9 n\u00e1valy horka, kter\u00e9 m\u011b budily n\u011bkolikr\u00e1t za noc a p\u0159es den m\u011b \u00fapln\u011b vy\u010derp\u00e1valy. Za\u010dala jsem ho u\u017e\u00edvat na doporu\u010den\u00ed sv\u00e9 gynekolo\u017eky a u\u017e po p\u00e1r t\u00fddnech jsem c\u00edtila obrovskou \u00falevu. N\u00e1valy se postupn\u011b vytr\u00e1cely a te\u010f u\u017e jsou jen minim\u00e1ln\u00ed. D\u00edky tomu se mi v\u00fdrazn\u011b zlep\u0161ila kvalita sp\u00e1nku a celkov\u011b se c\u00edt\u00edm mnohem energi\u010dt\u011bj\u0161\u00ed a odpo\u010dat\u00e1. Jsem za tento p\u0159\u00edpravek moc vd\u011b\u010dn\u00e1 a budu ho ur\u010dit\u011b u\u017e\u00edvat d\u00e1l!<\/p>\n\t\t\t\t\t<\/div>\n\t\t\t\n\t\t\n\t\t<\/div>\n\t\t\t\t\t\t\t\n\t\t\t\t\t   \n\t\t\t<div \n\t\t\t\tid=\"lenka-50-let\" \n\t\t\t\tclass=\"story sticky11\">\n\t\t\t\n\t\t\t\n\t\t\t\t<div class=\"inner\" >\n\t\t\t\t\t<h4>Lenka, 50 let<\/h4>\n\t\t\t\n\t\t\t\t\t<p>Fytofem Menoforte jsem za\u010dala br\u00e1t na po\u010d\u00ednaj\u00edc\u00ed menopauzu, zvolila jsem ho dle recenz\u00ed a mus\u00edm \u0159\u00edct, \u017ee funguje. C\u00edt\u00edm se ve v\u011bt\u0161\u00ed psychick\u00e9 pohod\u011b.<\/p>\n\t\t\t\t\t<\/div>\n\t\t\t\n\t\t\n\t\t<\/div>\n\t\t\t\t\t\t\t\n\t\t\t\t\t   \n\t\t\t<div \n\t\t\t\tid=\"jitka-52-let\" \n\t\t\t\tclass=\"story sticky5\">\n\t\t\t\n\t\t\t\n\t\t\t\t<div class=\"inner\" >\n\t\t\t\t\t<h4>Jitka, 52 let<\/h4>\n\t\t\t\n\t\t\t\t\t<p>Jsem r\u00e1da, \u017ee mi m\u016fj gynekolog doporu\u010dil Fytofem Menoforte. Zm\u00edrnily se mi n\u00e1valy potu v noci a celkov\u011b se zlep\u0161il sp\u00e1nek. Pokra\u010duji d\u00e1l a v\u011b\u0159\u00edm, \u017ee po dlouhodob\u00e9m u\u017e\u00edv\u00e1n\u00ed se d\u00e1m zp\u011bt do pohody.<\/p>\n\t\t\t\t\t<\/div>\n\t\t\t\n\t\t\n\t\t<\/div>\n\t\t\t\t\t\t\t\n\t\t\t\t\t   \n\t\t\t<div \n\t\t\t\tid=\"jitka-53-let\" \n\t\t\t\tclass=\"story sticky1a\">\n\t\t\t\n\t\t\t\n\t\t\t\t<div class=\"inner\" >\n\t\t\t\t\t<h4>Jitka, 53 let<\/h4>\n\t\t\t\n\t\t\t\t\t<p>Dobr\u00fd den,\u00a0dostala jsem doporu\u010den\u00ed od kamar\u00e1dky, kter\u00e1 m\u00e1 zku\u0161enost s Fytofem Menoforte. M\u00e1m probl\u00e9m se span\u00edm a nep\u0159\u00edjemn\u00fdm pocen\u00edm. Celkov\u011b to je takov\u00fd diskomfort. \u0158ekla bych, \u017ee minim\u00e1ln\u011b pocen\u00ed je rozhodn\u011b m\u00e9n\u011b \u010dast\u00e9. Budu ve va\u0161em z\u00e1zraku pokra\u010dovat. Hledala jsem na va\u0161ich str\u00e1nk\u00e1ch je\u0161t\u011b dal\u0161\u00ed dopl\u0148ky stravy a na\u0161la jsem, \u017ee za hodnocen\u00ed dostanu jako d\u00e1rek krabi\u010dku zdarma a to mi ud\u011blalo radost. Tak v\u00e1m d\u011bkuji a p\u0159eji hezk\u00fd den.<\/p>\n\t\t\t\t\t<\/div>\n\t\t\t\n\t\t\n\t\t<\/div>\n\t\t <\/div>\n<\/div><\/section>\n<div  class='hr av-bsy7x-843abd9fcc6ff63cafdbce10121c4c35 hr-default'><span class='hr-inner '><span class=\"hr-inner-style\"><\/span><\/span><\/div>\n\n<style type=\"text\/css\" data-created_by=\"avia_inline_auto\" id=\"style-css-av-lxuf2x09-464f63c3ff3274e851dc71f75d22f6ff\">\n.flex_column.av-lxuf2x09-464f63c3ff3274e851dc71f75d22f6ff{\nborder-radius:0px 0px 0px 0px;\npadding:30px 30px 30px 30px;\n}\n<\/style>\n<div  class='flex_column av-lxuf2x09-464f63c3ff3274e851dc71f75d22f6ff av_one_full first flex_column_div  '     ><article  class='iconbox iconbox_top av-lxuf13hl-4ec9d425320f78d50f451b33774dedb9 main_color'  itemscope=\"itemscope\" itemtype=\"https:\/\/schema.org\/CreativeWork\" ><div class=\"iconbox_content\"><header class=\"entry-content-header\" aria-label=\"Icon: Vyzkou\u0161ela jste ji\u017e Fytofem Menoforte?\"><div class='iconbox_icon heading-color avia-iconfont avia-font-entypo-fontello' data-av_icon='\ue81c' data-av_iconfont='entypo-fontello'  ><\/div><h3 class='iconbox_content_title '  itemprop=\"headline\" >Vyzkou\u0161ela jste ji\u017e Fytofem Menoforte?<\/h3><\/header><div class='iconbox_content_container '  itemprop=\"text\" ><p>Napi\u0161te n\u00e1m na <a href=\"mailto:info@onapharm.cz\">info@onapharm.cz<\/a>, jak V\u00e1m pomohl a za odm\u011bnu V\u00e1m po\u0161leme <strong>jedno balen\u00ed Fytofem Menoforte tbl. 30 zdarma.<\/strong><\/p>\n<\/div><\/div><footer class=\"entry-footer\"><\/footer><\/article><\/div>\n<style type=\"text\/css\" data-created_by=\"avia_inline_auto\" id=\"style-css-av-89hhh-d6d2b32267dfa360217861cef8013d60\">\n.flex_column.av-89hhh-d6d2b32267dfa360217861cef8013d60{\nborder-radius:0px 0px 0px 0px;\npadding:0px 0px 0px 0px;\n}\n<\/style>\n<div  class='flex_column av-89hhh-d6d2b32267dfa360217861cef8013d60 av_one_full first flex_column_div av-zero-column-padding  '     ><p>\n<style type=\"text\/css\" data-created_by=\"avia_inline_auto\" id=\"style-css-av-lxwy40sz-afcf41875ed5cadacd89207376b3b411\">\n.avia-image-container.av-lxwy40sz-afcf41875ed5cadacd89207376b3b411 img.avia_image{\nbox-shadow:none;\n}\n.avia-image-container.av-lxwy40sz-afcf41875ed5cadacd89207376b3b411 .av-image-caption-overlay-center{\ncolor:#ffffff;\n}\n<\/style>\n<div  class='avia-image-container av-lxwy40sz-afcf41875ed5cadacd89207376b3b411 av-styling- av-img-linked avia-align-center'   itemprop=\"image\" itemscope=\"itemscope\" itemtype=\"https:\/\/schema.org\/ImageObject\" ><div class=\"avia-image-container-inner\"><div class=\"avia-image-overlay-wrap\"><a href=\"https:\/\/www.benu.cz\/vyhledavani?q=fytofem+pmx\" class='avia_image '  aria-label='Fytofem_menoforte_3D_90'><img decoding=\"async\" fetchpriority=\"high\" class='wp-image-53 avia-img-lazy-loading-not-53 avia_image ' src=\"https:\/\/www.fytofem.cz\/menoforte\/wp-content\/uploads\/sites\/10\/2025\/01\/Fytofem_menoforte_3D_90-300x226.webp\" alt='' title='Fytofem_menoforte_3D_90'  height=\"226\" width=\"300\"  itemprop=\"thumbnailUrl\" srcset=\"https:\/\/www.fytofem.cz\/menoforte\/wp-content\/uploads\/sites\/10\/2025\/01\/Fytofem_menoforte_3D_90-300x226.webp 300w, https:\/\/www.fytofem.cz\/menoforte\/wp-content\/uploads\/sites\/10\/2025\/01\/Fytofem_menoforte_3D_90-1030x775.webp 1030w, https:\/\/www.fytofem.cz\/menoforte\/wp-content\/uploads\/sites\/10\/2025\/01\/Fytofem_menoforte_3D_90-768x578.webp 768w, https:\/\/www.fytofem.cz\/menoforte\/wp-content\/uploads\/sites\/10\/2025\/01\/Fytofem_menoforte_3D_90-1536x1156.webp 1536w, https:\/\/www.fytofem.cz\/menoforte\/wp-content\/uploads\/sites\/10\/2025\/01\/Fytofem_menoforte_3D_90-1500x1129.webp 1500w, https:\/\/www.fytofem.cz\/menoforte\/wp-content\/uploads\/sites\/10\/2025\/01\/Fytofem_menoforte_3D_90-705x530.webp 705w, https:\/\/www.fytofem.cz\/menoforte\/wp-content\/uploads\/sites\/10\/2025\/01\/Fytofem_menoforte_3D_90.webp 1769w\" sizes=\"(max-width: 300px) 100vw, 300px\" \/><\/a><\/div><\/div><\/div><br \/>\n<div  class='avia-button-wrap av-lxwy5jqs-ff11fae395685c65bfaa89b7a16a72ec-wrap avia-button-center '><a href='https:\/\/www.zbozi.cz\/hledej\/?q=fytofem%20menoforte'  class='avia-button av-lxwy5jqs-ff11fae395685c65bfaa89b7a16a72ec av-link-btn avia-icon_select-yes-right-icon avia-size-x-large avia-position-center avia-color-theme-color'   aria-label=\"Koupit Fytofem Menoforte\"><span class='avia_iconbox_title' >Koupit Fytofem Menoforte<\/span><span class='avia_button_icon avia_button_icon_right avia-iconfont avia-font-entypo-fontello' data-av_icon='\ue822' data-av_iconfont='entypo-fontello' ><\/span><\/a><\/div><\/p><\/div><\/div><\/div><\/main><!-- close content main element --><\/div><\/div><div id='after_section_1'  class='main_color av_default_container_wrap container_wrap sidebar_right'  ><div class='container av-section-cont-open' ><div class='template-page content  av-content-small alpha units'><div class='post-entry post-entry-type-page post-entry-70'><div class='entry-content-wrapper clearfix'>\n","protected":false},"excerpt":{"rendered":"","protected":false},"author":1,"featured_media":0,"parent":0,"menu_order":0,"comment_status":"closed","ping_status":"closed","template":"","meta":{"_acf_changed":false,"footnotes":""},"class_list":["post-70","page","type-page","status-publish","hentry"],"acf":[],"_links":{"self":[{"href":"https:\/\/www.fytofem.cz\/menoforte\/wp-json\/wp\/v2\/pages\/70","targetHints":{"allow":["GET"]}}],"collection":[{"href":"https:\/\/www.fytofem.cz\/menoforte\/wp-json\/wp\/v2\/pages"}],"about":[{"href":"https:\/\/www.fytofem.cz\/menoforte\/wp-json\/wp\/v2\/types\/page"}],"author":[{"embeddable":true,"href":"https:\/\/www.fytofem.cz\/menoforte\/wp-json\/wp\/v2\/users\/1"}],"replies":[{"embeddable":true,"href":"https:\/\/www.fytofem.cz\/menoforte\/wp-json\/wp\/v2\/comments?post=70"}],"version-history":[{"count":4,"href":"https:\/\/www.fytofem.cz\/menoforte\/wp-json\/wp\/v2\/pages\/70\/revisions"}],"predecessor-version":[{"id":113,"href":"https:\/\/www.fytofem.cz\/menoforte\/wp-json\/wp\/v2\/pages\/70\/revisions\/113"}],"wp:attachment":[{"href":"https:\/\/www.fytofem.cz\/menoforte\/wp-json\/wp\/v2\/media?parent=70"}],"curies":[{"name":"wp","href":"https:\/\/api.w.org\/{rel}","templated":true}]}}