{"id":14,"date":"2018-01-31T01:07:39","date_gmt":"2018-01-31T00:07:39","guid":{"rendered":"https:\/\/www.fytofem.cz\/pms\/?page_id=14"},"modified":"2023-03-17T08:58:21","modified_gmt":"2023-03-17T07:58:21","slug":"jak-uzivat","status":"publish","type":"page","link":"https:\/\/www.fytofem.cz\/pmx\/jak-uzivat\/","title":{"rendered":"Jak u\u017e\u00edvat"},"content":{"rendered":"<section  class='av_textblock_section av-lfc905jr-1771d1c091c973c503b05ed8b7566c87 '   itemscope=\"itemscope\" itemtype=\"https:\/\/schema.org\/CreativeWork\" ><div class='avia_textblock'  itemprop=\"text\" ><h2>D\u00e1vkov\u00e1n\u00ed<\/h2>\n<p>U\u017e\u00edvejte 1 tobolku denn\u011b kontinu\u00e1ln\u011b po dobu min. 3 m\u011bs\u00edc\u016f. Posledn\u00ed t\u00fdden menstrua\u010dn\u00edho cyklu (tedy p\u0159ed krv\u00e1cen\u00edm) m\u016f\u017eete pos\u00edlit \u00fa\u010dinek zv\u00fd\u0161en\u00edm d\u00e1vky na 2 tobolky denn\u011b (1 r\u00e1no a 1 ve\u010der). Nep\u0159ekra\u010dujte doporu\u010den\u00e9 d\u00e1vkov\u00e1n\u00ed.<\/p>\n<\/div><\/section>\n","protected":false},"excerpt":{"rendered":"","protected":false},"author":1,"featured_media":0,"parent":0,"menu_order":0,"comment_status":"open","ping_status":"open","template":"","meta":{"_acf_changed":false,"footnotes":""},"class_list":["post-14","page","type-page","status-publish","hentry"],"acf":[],"_links":{"self":[{"href":"https:\/\/www.fytofem.cz\/pmx\/wp-json\/wp\/v2\/pages\/14","targetHints":{"allow":["GET"]}}],"collection":[{"href":"https:\/\/www.fytofem.cz\/pmx\/wp-json\/wp\/v2\/pages"}],"about":[{"href":"https:\/\/www.fytofem.cz\/pmx\/wp-json\/wp\/v2\/types\/page"}],"author":[{"embeddable":true,"href":"https:\/\/www.fytofem.cz\/pmx\/wp-json\/wp\/v2\/users\/1"}],"replies":[{"embeddable":true,"href":"https:\/\/www.fytofem.cz\/pmx\/wp-json\/wp\/v2\/comments?post=14"}],"version-history":[{"count":5,"href":"https:\/\/www.fytofem.cz\/pmx\/wp-json\/wp\/v2\/pages\/14\/revisions"}],"predecessor-version":[{"id":711,"href":"https:\/\/www.fytofem.cz\/pmx\/wp-json\/wp\/v2\/pages\/14\/revisions\/711"}],"wp:attachment":[{"href":"https:\/\/www.fytofem.cz\/pmx\/wp-json\/wp\/v2\/media?parent=14"}],"curies":[{"name":"wp","href":"https:\/\/api.w.org\/{rel}","templated":true}]}}