{"id":17,"date":"2018-01-31T01:07:50","date_gmt":"2018-01-31T00:07:50","guid":{"rendered":"https:\/\/www.fytofem.cz\/pms\/?page_id=17"},"modified":"2025-03-17T10:24:00","modified_gmt":"2025-03-17T09:24:00","slug":"pribalova-informace","status":"publish","type":"page","link":"https:\/\/www.fytofem.cz\/pmx\/pribalova-informace\/","title":{"rendered":"P\u0159\u00edbalov\u00e1 informace"},"content":{"rendered":"<section  class='av_textblock_section av-lfc8uq2h-6277057c086ef5fc1c1d720f70739965 '   itemscope=\"itemscope\" itemtype=\"https:\/\/schema.org\/CreativeWork\" ><div class='avia_textblock'  itemprop=\"text\" ><p><strong>Vitex agnus castus (drmek obecn\u00fd)<\/strong> je rostlina s\u00a0histori\u00ed sahaj\u00edc\u00ed a\u017e do antiky (Egypt, \u0158ecko, \u0158\u00edm), jej\u00ed plody se dodnes pou\u017e\u00edvaj\u00ed u r\u016fzn\u00fdch gynekologick\u00fdch stav\u016f. Drmek obsahuje pozoruhodn\u00e9 mno\u017estv\u00ed u\u017eite\u010dn\u00fdch p\u0159\u00edrodn\u00edch l\u00e1tek (flavonoidy a diterpeny \u2013 nap\u0159. casticin, orientin, vitexin a iridoidn\u00ed glykosidy \u2013 agnusid). Doned\u00e1vna sm\u011bl b\u00fdt drmek sou\u010d\u00e1st\u00ed pouze l\u00e9\u010div\u00fdch p\u0159\u00edpravk\u016f, kter\u00e9 obsahuj\u00ed jeho lihov\u00fd extrakt 10:1 a jsou standardizov\u00e1ny na dostate\u010dn\u00fd obsah casticinu nebo agnusidu. Fytofem PMX obsahuje velmi kvalitn\u00ed lihov\u00fd extrakt 10:1 s\u00a0vysok\u00fdm obsahem agnusidu a casticinu.<\/p>\n<p><strong>Gama-linolenov\u00e1 kyselina (GLA)<\/strong> je hlavn\u00ed \u00fa\u010dinnou slo\u017ekou <strong>pupalkov\u00e9ho oleje<\/strong>, kter\u00fd pat\u0159\u00ed mezi nejobl\u00edben\u011bj\u0161\u00ed nutraceutick\u00e9 substance. Jeho pravideln\u00e9 u\u017e\u00edv\u00e1n\u00ed se projev\u00ed na kvalit\u011b, vl\u00e1\u010dnosti a hydrataci poko\u017eky. Sama GLA je prekursorem protiz\u00e1n\u011btliv\u00fdch prostaglandin\u016f, \u010d\u00edm\u017e napom\u00e1h\u00e1 hormon\u00e1ln\u00ed rovnov\u00e1ze. D\u00e1vka obsa\u017een\u00e1 v\u00a0jedn\u00e9 tobolce Fytofemu PMX odpov\u00edd\u00e1 1 gramu pupalkov\u00e9ho oleje.<\/p>\n<p><strong>Alchemilla vulgaris (kontryhel obecn\u00fd)<\/strong> je dal\u0161\u00edm z\u00e1stupcem tradi\u010dn\u00ed lidov\u00e9 medic\u00edny, odprad\u00e1vna se pou\u017e\u00edv\u00e1 p\u0159i r\u016fzn\u00fdch gynekologick\u00fdch stavech, dodnes je jednou z\u00a0obl\u00edben\u00fdch bylin \u201esna\u017eilek\u201c neboli \u017een, kter\u00e9 pl\u00e1nuj\u00ed ot\u011bhotn\u011bn\u00ed. Kontryhel nab\u00edz\u00ed pestrou \u0161k\u00e1lu p\u0159\u00edrodn\u00edch flavonoid\u016f (orientin, vitexin, quercetin, rutin). Fytofem PMX obsahuje kvalitn\u00ed lihovodn\u00fd extrakt 10:1 s\u00a0vysok\u00fdm obsahem uchovan\u00fdch p\u0159\u00edrodn\u00edch l\u00e1tek.<\/p>\n<p><strong>Vitamin E<\/strong> je nejd\u016fle\u017eit\u011bj\u0161\u00ed a velmi dob\u0159e zn\u00e1m\u00fd antioxidant (zh\u00e1\u0161e\u010d voln\u00fdch radik\u00e1l\u016f) chr\u00e1n\u00edc\u00ed tk\u00e1n\u011b p\u0159ed po\u0161kozen\u00edm oxida\u010dn\u00edm stresem a voln\u00fdmi kysl\u00edkov\u00fdmi radik\u00e1ly, kter\u00e9 vznikaj\u00ed p\u0159i z\u00e1n\u011btu. Fytofem PMX obsahuje 100 mg (558 % RHP) vitaminu E.<\/p>\n<\/div><\/section>\n<section  class='av_textblock_section av-lfc8uq2h-6277057c086ef5fc1c1d720f70739965 '   itemscope=\"itemscope\" itemtype=\"https:\/\/schema.org\/CreativeWork\" ><div class='avia_textblock'  itemprop=\"text\" ><h2>Slo\u017een\u00ed<\/h2>\n<p><a href=\"https:\/\/www.fytofem.cz\/pmx\/wp-content\/uploads\/sites\/9\/2023\/03\/fytofem-pmx-slozeni.png\"><img loading=\"lazy\" decoding=\"async\" class=\"alignleft wp-image-439\" src=\"https:\/\/www.fytofem.cz\/pmx\/wp-content\/uploads\/sites\/9\/2023\/03\/fytofem-pmx-slozeni-300x157.png\" alt=\"\" width=\"485\" height=\"254\" srcset=\"https:\/\/www.fytofem.cz\/pmx\/wp-content\/uploads\/sites\/9\/2023\/03\/fytofem-pmx-slozeni-300x157.png 300w, https:\/\/www.fytofem.cz\/pmx\/wp-content\/uploads\/sites\/9\/2023\/03\/fytofem-pmx-slozeni-1030x540.png 1030w, https:\/\/www.fytofem.cz\/pmx\/wp-content\/uploads\/sites\/9\/2023\/03\/fytofem-pmx-slozeni-768x403.png 768w, https:\/\/www.fytofem.cz\/pmx\/wp-content\/uploads\/sites\/9\/2023\/03\/fytofem-pmx-slozeni-705x370.png 705w, https:\/\/www.fytofem.cz\/pmx\/wp-content\/uploads\/sites\/9\/2023\/03\/fytofem-pmx-slozeni.png 1284w\" sizes=\"auto, (max-width: 485px) 100vw, 485px\" \/><\/a><\/p>\n<\/div><\/section>\n<section  class='av_textblock_section av-lfc8uq2h-52aa48a3db11cd0091cf5d7b037c2ef9 '   itemscope=\"itemscope\" itemtype=\"https:\/\/schema.org\/CreativeWork\" ><div class='avia_textblock'  itemprop=\"text\" ><h2>D\u00e1vkov\u00e1n\u00ed<\/h2>\n<p>U\u017e\u00edvejte 1 tobolku denn\u011b kontinu\u00e1ln\u011b po dobu min. 3 m\u011bs\u00edc\u016f. Posledn\u00ed t\u00fdden menstrua\u010dn\u00edho cyklu (tedy p\u0159ed krv\u00e1cen\u00edm) m\u016f\u017eete pos\u00edlit \u00fa\u010dinek zv\u00fd\u0161en\u00edm d\u00e1vky na 2 tobolky denn\u011b (1 r\u00e1no a 1 ve\u010der). Nep\u0159ekra\u010dujte doporu\u010den\u00e9 d\u00e1vkov\u00e1n\u00ed.<\/p>\n<h2>Skladov\u00e1n\u00ed<\/h2>\n<p>Uchov\u00e1vejte na such\u00e9m m\u00edst\u011b p\u0159i teplot\u011b do 25 \u00b0C, mimo dosah a dohled d\u011bt\u00ed.<\/p>\n<h2>Varov\u00e1n\u00ed<\/h2>\n<p>Nen\u00ed ur\u010deno pro d\u011bti (u d\u00edvek lze pod\u00e1vat od zah\u00e1jen\u00ed menstruov\u00e1n\u00ed), t\u011bhotn\u00e9 a koj\u00edc\u00ed \u017eeny. P\u0159\u00edpravek nen\u00ed n\u00e1hradou pestr\u00e9 stravy. P\u0159ed pou\u017eit\u00edm p\u0159\u00edpravku se pora\u010fte se sv\u00fdm l\u00e9ka\u0159em nebo l\u00e9k\u00e1rn\u00edkem,\u00a0pokud m\u00e1te nebo jste v\u00a0minulosti m\u011bla n\u00e1dor citliv\u00fd na \u017eensk\u00e9 pohlavn\u00ed hormony, nebo pokud jste l\u00e9\u010dena hormon\u00e1ln\u00edmi, psychiatrick\u00fdmi nebo onkologick\u00fdmi l\u00e9ky. Tak\u00e9 pokud se p\u0159i u\u017e\u00edv\u00e1n\u00ed Fytofemu Va\u0161e p\u0159\u00edznaky zhor\u0161uj\u00ed.<\/p>\n<h2>Velikost balen\u00ed<\/h2>\n<p>30 a 90 tobolek<\/p>\n<\/div><\/section>\n","protected":false},"excerpt":{"rendered":"","protected":false},"author":1,"featured_media":0,"parent":0,"menu_order":0,"comment_status":"open","ping_status":"open","template":"","meta":{"_acf_changed":false,"footnotes":""},"class_list":["post-17","page","type-page","status-publish","hentry"],"acf":[],"_links":{"self":[{"href":"https:\/\/www.fytofem.cz\/pmx\/wp-json\/wp\/v2\/pages\/17","targetHints":{"allow":["GET"]}}],"collection":[{"href":"https:\/\/www.fytofem.cz\/pmx\/wp-json\/wp\/v2\/pages"}],"about":[{"href":"https:\/\/www.fytofem.cz\/pmx\/wp-json\/wp\/v2\/types\/page"}],"author":[{"embeddable":true,"href":"https:\/\/www.fytofem.cz\/pmx\/wp-json\/wp\/v2\/users\/1"}],"replies":[{"embeddable":true,"href":"https:\/\/www.fytofem.cz\/pmx\/wp-json\/wp\/v2\/comments?post=17"}],"version-history":[{"count":8,"href":"https:\/\/www.fytofem.cz\/pmx\/wp-json\/wp\/v2\/pages\/17\/revisions"}],"predecessor-version":[{"id":732,"href":"https:\/\/www.fytofem.cz\/pmx\/wp-json\/wp\/v2\/pages\/17\/revisions\/732"}],"wp:attachment":[{"href":"https:\/\/www.fytofem.cz\/pmx\/wp-json\/wp\/v2\/media?parent=17"}],"curies":[{"name":"wp","href":"https:\/\/api.w.org\/{rel}","templated":true}]}}