{"id":31,"date":"2018-01-31T01:15:00","date_gmt":"2018-01-31T00:15:00","guid":{"rendered":"https:\/\/www.fytofem.cz\/pms\/?page_id=31"},"modified":"2025-01-06T12:41:22","modified_gmt":"2025-01-06T11:41:22","slug":"domu","status":"publish","type":"page","link":"https:\/\/www.fytofem.cz\/pmx\/","title":{"rendered":"Dom\u016f"},"content":{"rendered":"<div id='layer_slider_1'  class='avia-layerslider main_color avia-shadow  avia-builder-el-0  el_before_av_textblock  avia-builder-el-first  container_wrap sidebar_left'  style='height: 521px;'  ><\/div><div id='after_layer_slider_1'  class='main_color av_default_container_wrap container_wrap sidebar_left'  ><div class='container av-section-cont-open' ><div class='template-page content  av-content-small units'><div class='post-entry post-entry-type-page post-entry-31'><div class='entry-content-wrapper clearfix'>\n\n<style type=\"text\/css\" data-created_by=\"avia_inline_auto\" id=\"style-css-av-1vtdr-2a1e2c3d4d555373a6c24c655df67390\">\n#top .av_textblock_section.av-1vtdr-2a1e2c3d4d555373a6c24c655df67390 .avia_textblock{\nfont-size:20px;\n}\n<\/style>\n<section  class='av_textblock_section av-1vtdr-2a1e2c3d4d555373a6c24c655df67390 '   itemscope=\"itemscope\" itemtype=\"https:\/\/schema.org\/CreativeWork\" ><div class='avia_textblock'  itemprop=\"text\" ><p><strong>Fytofem PMX <\/strong>je ur\u010den pro \u017eeny v\u00a0reproduk\u010dn\u00edm v\u011bku, kter\u00e9 cht\u011bj\u00ed maxim\u00e1ln\u011b (a p\u0159itom p\u0159irozen\u011b) podpo\u0159it komfortn\u00ed pr\u016fb\u011bh sv\u00e9 menstruace. Obsahuje \u010dty\u0159i p\u0159\u00edrodn\u00ed l\u00e1tky, kter\u00e9 spolu dohromady tvo\u0159\u00ed ide\u00e1ln\u00ed podporu pro dlouhodob\u00fd menstrua\u010dn\u00ed komfort.<\/p>\n<p><strong>Fytofem PMX<\/strong> navazuje na \u00fasp\u011bch Fytofemu harmony &amp; control (ur\u010den\u00fd pro \u017eeny kolem p\u0159echodu). Koncept kombinace klinick\u00fdmi studie ov\u011b\u0159en\u00fdch p\u0159\u00edrodn\u00edch ingredienc\u00ed si rychle nach\u00e1z\u00ed spoustu spokojen\u00fdch z\u00e1kaznic.<\/p>\n<\/div><\/section>\n\n<style type=\"text\/css\" data-created_by=\"avia_inline_auto\" id=\"style-css-av-1vtdr-2a1e2c3d4d555373a6c24c655df67390\">\n#top .av_textblock_section.av-1vtdr-2a1e2c3d4d555373a6c24c655df67390 .avia_textblock{\nfont-size:20px;\n}\n<\/style>\n<section  class='av_textblock_section av-1vtdr-2a1e2c3d4d555373a6c24c655df67390 '   itemscope=\"itemscope\" itemtype=\"https:\/\/schema.org\/CreativeWork\" ><div class='avia_textblock'  itemprop=\"text\" ><p><strong>Vitex agnus castus (drmek obecn\u00fd)<\/strong> je rostlina s\u00a0histori\u00ed sahaj\u00edc\u00ed a\u017e do antiky (Egypt, \u0158ecko, \u0158\u00edm), jej\u00ed plody se dodnes pou\u017e\u00edvaj\u00ed u r\u016fzn\u00fdch gynekologick\u00fdch stav\u016f. Drmek obsahuje pozoruhodn\u00e9 mno\u017estv\u00ed u\u017eite\u010dn\u00fdch p\u0159\u00edrodn\u00edch l\u00e1tek (flavonoidy a diterpeny \u2013 nap\u0159. casticin, orientin, vitexin a iridoidn\u00ed glykosidy \u2013 agnusid). Doned\u00e1vna sm\u011bl b\u00fdt drmek sou\u010d\u00e1st\u00ed pouze l\u00e9\u010div\u00fdch p\u0159\u00edpravk\u016f, kter\u00e9 obsahuj\u00ed jeho lihov\u00fd extrakt 10:1 a jsou standardizov\u00e1ny na dostate\u010dn\u00fd obsah casticinu nebo agnusidu. Fytofem PMX obsahuje velmi kvalitn\u00ed lihov\u00fd extrakt 10:1 s\u00a0vysok\u00fdm obsahem agnusidu a casticinu.<\/p>\n<p><strong>Gama-linolenov\u00e1 kyselina (GLA)<\/strong> je hlavn\u00ed \u00fa\u010dinnou slo\u017ekou <strong>pupalkov\u00e9ho oleje<\/strong>, kter\u00fd pat\u0159\u00ed mezi nejobl\u00edben\u011bj\u0161\u00ed nutraceutick\u00e9 substance. Jeho pravideln\u00e9 u\u017e\u00edv\u00e1n\u00ed se projev\u00ed na kvalit\u011b, vl\u00e1\u010dnosti a hydrataci poko\u017eky. Sama GLA je prekursorem protiz\u00e1n\u011btliv\u00fdch prostaglandin\u016f, \u010d\u00edm\u017e napom\u00e1h\u00e1 hormon\u00e1ln\u00ed rovnov\u00e1ze. D\u00e1vka obsa\u017een\u00e1 v\u00a0jedn\u00e9 tobolce Fytofemu PMX odpov\u00edd\u00e1 1 gramu pupalkov\u00e9ho oleje.<\/p>\n<p><strong>Alchemilla vulgaris (kontryhel obecn\u00fd)<\/strong> je dal\u0161\u00edm z\u00e1stupcem tradi\u010dn\u00ed lidov\u00e9 medic\u00edny, odprad\u00e1vna se pou\u017e\u00edv\u00e1 p\u0159i r\u016fzn\u00fdch gynekologick\u00fdch stavech, dodnes je jednou z\u00a0obl\u00edben\u00fdch bylin \u201esna\u017eilek\u201c neboli \u017een, kter\u00e9 pl\u00e1nuj\u00ed ot\u011bhotn\u011bn\u00ed. Kontryhel nab\u00edz\u00ed pestrou \u0161k\u00e1lu p\u0159\u00edrodn\u00edch flavonoid\u016f (orientin, vitexin, quercetin, rutin). Fytofem PMX obsahuje kvalitn\u00ed lihovodn\u00fd extrakt 10:1 s\u00a0vysok\u00fdm obsahem uchovan\u00fdch p\u0159\u00edrodn\u00edch l\u00e1tek.<\/p>\n<p><strong>Vitamin E<\/strong> je nejd\u016fle\u017eit\u011bj\u0161\u00ed a velmi dob\u0159e zn\u00e1m\u00fd antioxidant (zh\u00e1\u0161e\u010d voln\u00fdch radik\u00e1l\u016f) chr\u00e1n\u00edc\u00ed tk\u00e1n\u011b p\u0159ed po\u0161kozen\u00edm oxida\u010dn\u00edm stresem a voln\u00fdmi kysl\u00edkov\u00fdmi radik\u00e1ly, kter\u00e9 vznikaj\u00ed p\u0159i z\u00e1n\u011btu. Fytofem PMX obsahuje 100 mg (558 % RHP) vitaminu E.<\/p>\n<\/div><\/section>\n\n<style type=\"text\/css\" data-created_by=\"avia_inline_auto\" id=\"style-css-av-1er13-5bda8c931f124924871badeba2abacd9\">\n.flex_column.av-1er13-5bda8c931f124924871badeba2abacd9{\nborder-radius:0px 0px 0px 0px;\npadding:0px 0px 0px 0px;\n}\n<\/style>\n<div  class='flex_column av-1er13-5bda8c931f124924871badeba2abacd9 av_one_half  avia-builder-el-3  el_after_av_textblock  el_before_av_one_half  first flex_column_div av-zero-column-padding  column-top-margin'     ><style type=\"text\/css\" data-created_by=\"avia_inline_auto\" id=\"style-css-av-lfavf8k2-ff7f0207cb3cae9d4d60ef6b86ae5c52\">\n.avia-image-container.av-lfavf8k2-ff7f0207cb3cae9d4d60ef6b86ae5c52 img.avia_image{\nbox-shadow:none;\n}\n.avia-image-container.av-lfavf8k2-ff7f0207cb3cae9d4d60ef6b86ae5c52 .av-image-caption-overlay-center{\ncolor:#ffffff;\n}\n<\/style>\n<div  class='avia-image-container av-lfavf8k2-ff7f0207cb3cae9d4d60ef6b86ae5c52 av-styling- av-hover-grow av-img-linked avia_animated_image av-animated-when-visible-95 pop-up avia-align-center  avia-builder-el-4  avia-builder-el-no-sibling '   itemprop=\"image\" itemscope=\"itemscope\" itemtype=\"https:\/\/schema.org\/ImageObject\" ><div class=\"avia-image-container-inner\"><div class=\"avia-image-overlay-wrap\"><a href=\"https:\/\/www.fytofem.cz\/pmx\/wp-content\/uploads\/sites\/9\/2023\/03\/OT03_22_FYTOFEM_PMX_krabicky_3D_30_CZ-1030x652.png\" data-srcset=\"https:\/\/www.fytofem.cz\/pmx\/wp-content\/uploads\/sites\/9\/2023\/03\/OT03_22_FYTOFEM_PMX_krabicky_3D_30_CZ-1030x652.png 1030w, https:\/\/www.fytofem.cz\/pmx\/wp-content\/uploads\/sites\/9\/2023\/03\/OT03_22_FYTOFEM_PMX_krabicky_3D_30_CZ-300x190.png 300w, https:\/\/www.fytofem.cz\/pmx\/wp-content\/uploads\/sites\/9\/2023\/03\/OT03_22_FYTOFEM_PMX_krabicky_3D_30_CZ-768x486.png 768w, https:\/\/www.fytofem.cz\/pmx\/wp-content\/uploads\/sites\/9\/2023\/03\/OT03_22_FYTOFEM_PMX_krabicky_3D_30_CZ-705x446.png 705w, https:\/\/www.fytofem.cz\/pmx\/wp-content\/uploads\/sites\/9\/2023\/03\/OT03_22_FYTOFEM_PMX_krabicky_3D_30_CZ.png 1184w\" data-sizes=\"(max-width: 1030px) 100vw, 1030px\" class='avia_image '  aria-label='OT03_22_FYTOFEM_PMX_krabicky_3D_30_CZ'><img decoding=\"async\" fetchpriority=\"high\" class='wp-image-430 avia-img-lazy-loading-not-430 avia_image ' src=\"https:\/\/www.fytofem.cz\/pmx\/wp-content\/uploads\/sites\/9\/2023\/03\/OT03_22_FYTOFEM_PMX_krabicky_3D_30_CZ-300x190.png\" alt='' title='OT03_22_FYTOFEM_PMX_krabicky_3D_30_CZ'  height=\"190\" width=\"300\"  itemprop=\"thumbnailUrl\" srcset=\"https:\/\/www.fytofem.cz\/pmx\/wp-content\/uploads\/sites\/9\/2023\/03\/OT03_22_FYTOFEM_PMX_krabicky_3D_30_CZ-300x190.png 300w, https:\/\/www.fytofem.cz\/pmx\/wp-content\/uploads\/sites\/9\/2023\/03\/OT03_22_FYTOFEM_PMX_krabicky_3D_30_CZ-1030x652.png 1030w, https:\/\/www.fytofem.cz\/pmx\/wp-content\/uploads\/sites\/9\/2023\/03\/OT03_22_FYTOFEM_PMX_krabicky_3D_30_CZ-768x486.png 768w, https:\/\/www.fytofem.cz\/pmx\/wp-content\/uploads\/sites\/9\/2023\/03\/OT03_22_FYTOFEM_PMX_krabicky_3D_30_CZ-705x446.png 705w, https:\/\/www.fytofem.cz\/pmx\/wp-content\/uploads\/sites\/9\/2023\/03\/OT03_22_FYTOFEM_PMX_krabicky_3D_30_CZ.png 1184w\" sizes=\"(max-width: 300px) 100vw, 300px\" \/><\/a><\/div><\/div><\/div><\/div>\n\n<style type=\"text\/css\" data-created_by=\"avia_inline_auto\" id=\"style-css-av-xlcz-e477635533e6651c38e5220d0828f509\">\n.flex_column.av-xlcz-e477635533e6651c38e5220d0828f509{\nborder-radius:0px 0px 0px 0px;\npadding:0px 0px 0px 0px;\n}\n<\/style>\n<div  class='flex_column av-xlcz-e477635533e6651c38e5220d0828f509 av_one_half  avia-builder-el-5  el_after_av_one_half  avia-builder-el-last  flex_column_div av-zero-column-padding  column-top-margin'     ><style type=\"text\/css\" data-created_by=\"avia_inline_auto\" id=\"style-css-av-lfavf8k2-9f4c92d5a6e89c8092f3aac9aa38e3f5\">\n.avia-image-container.av-lfavf8k2-9f4c92d5a6e89c8092f3aac9aa38e3f5 img.avia_image{\nbox-shadow:none;\n}\n.avia-image-container.av-lfavf8k2-9f4c92d5a6e89c8092f3aac9aa38e3f5 .av-image-caption-overlay-center{\ncolor:#ffffff;\n}\n<\/style>\n<div  class='avia-image-container av-lfavf8k2-9f4c92d5a6e89c8092f3aac9aa38e3f5 av-styling- av-hover-grow av-img-linked avia_animated_image av-animated-when-visible-95 pop-up avia-align-center  avia-builder-el-6  avia-builder-el-no-sibling '   itemprop=\"image\" itemscope=\"itemscope\" itemtype=\"https:\/\/schema.org\/ImageObject\" ><div class=\"avia-image-container-inner\"><div class=\"avia-image-overlay-wrap\"><a href=\"https:\/\/www.fytofem.cz\/pmx\/wp-content\/uploads\/sites\/9\/2023\/03\/OT03_22_FYTOFEM_PMX_krabicky_3D_90_CZ-1030x727.png\" data-srcset=\"https:\/\/www.fytofem.cz\/pmx\/wp-content\/uploads\/sites\/9\/2023\/03\/OT03_22_FYTOFEM_PMX_krabicky_3D_90_CZ-1030x727.png 1030w, https:\/\/www.fytofem.cz\/pmx\/wp-content\/uploads\/sites\/9\/2023\/03\/OT03_22_FYTOFEM_PMX_krabicky_3D_90_CZ-300x212.png 300w, https:\/\/www.fytofem.cz\/pmx\/wp-content\/uploads\/sites\/9\/2023\/03\/OT03_22_FYTOFEM_PMX_krabicky_3D_90_CZ-768x542.png 768w, https:\/\/www.fytofem.cz\/pmx\/wp-content\/uploads\/sites\/9\/2023\/03\/OT03_22_FYTOFEM_PMX_krabicky_3D_90_CZ-260x185.png 260w, https:\/\/www.fytofem.cz\/pmx\/wp-content\/uploads\/sites\/9\/2023\/03\/OT03_22_FYTOFEM_PMX_krabicky_3D_90_CZ-705x498.png 705w, https:\/\/www.fytofem.cz\/pmx\/wp-content\/uploads\/sites\/9\/2023\/03\/OT03_22_FYTOFEM_PMX_krabicky_3D_90_CZ.png 1157w\" data-sizes=\"(max-width: 1030px) 100vw, 1030px\" class='avia_image '  aria-label='OT03_22_FYTOFEM_PMX_krabicky_3D_90_CZ'><img decoding=\"async\" fetchpriority=\"high\" class='wp-image-431 avia-img-lazy-loading-not-431 avia_image ' src=\"https:\/\/www.fytofem.cz\/pmx\/wp-content\/uploads\/sites\/9\/2023\/03\/OT03_22_FYTOFEM_PMX_krabicky_3D_90_CZ-300x212.png\" alt='' title='OT03_22_FYTOFEM_PMX_krabicky_3D_90_CZ'  height=\"212\" width=\"300\"  itemprop=\"thumbnailUrl\" srcset=\"https:\/\/www.fytofem.cz\/pmx\/wp-content\/uploads\/sites\/9\/2023\/03\/OT03_22_FYTOFEM_PMX_krabicky_3D_90_CZ-300x212.png 300w, https:\/\/www.fytofem.cz\/pmx\/wp-content\/uploads\/sites\/9\/2023\/03\/OT03_22_FYTOFEM_PMX_krabicky_3D_90_CZ-1030x727.png 1030w, https:\/\/www.fytofem.cz\/pmx\/wp-content\/uploads\/sites\/9\/2023\/03\/OT03_22_FYTOFEM_PMX_krabicky_3D_90_CZ-768x542.png 768w, https:\/\/www.fytofem.cz\/pmx\/wp-content\/uploads\/sites\/9\/2023\/03\/OT03_22_FYTOFEM_PMX_krabicky_3D_90_CZ-260x185.png 260w, https:\/\/www.fytofem.cz\/pmx\/wp-content\/uploads\/sites\/9\/2023\/03\/OT03_22_FYTOFEM_PMX_krabicky_3D_90_CZ-705x498.png 705w, https:\/\/www.fytofem.cz\/pmx\/wp-content\/uploads\/sites\/9\/2023\/03\/OT03_22_FYTOFEM_PMX_krabicky_3D_90_CZ.png 1157w\" sizes=\"(max-width: 300px) 100vw, 300px\" \/><\/a><\/div><\/div><\/div><\/div>\n","protected":false},"excerpt":{"rendered":"","protected":false},"author":1,"featured_media":0,"parent":0,"menu_order":0,"comment_status":"open","ping_status":"open","template":"","meta":{"_acf_changed":false,"footnotes":""},"class_list":["post-31","page","type-page","status-publish","hentry"],"acf":[],"_links":{"self":[{"href":"https:\/\/www.fytofem.cz\/pmx\/wp-json\/wp\/v2\/pages\/31","targetHints":{"allow":["GET"]}}],"collection":[{"href":"https:\/\/www.fytofem.cz\/pmx\/wp-json\/wp\/v2\/pages"}],"about":[{"href":"https:\/\/www.fytofem.cz\/pmx\/wp-json\/wp\/v2\/types\/page"}],"author":[{"embeddable":true,"href":"https:\/\/www.fytofem.cz\/pmx\/wp-json\/wp\/v2\/users\/1"}],"replies":[{"embeddable":true,"href":"https:\/\/www.fytofem.cz\/pmx\/wp-json\/wp\/v2\/comments?post=31"}],"version-history":[{"count":19,"href":"https:\/\/www.fytofem.cz\/pmx\/wp-json\/wp\/v2\/pages\/31\/revisions"}],"predecessor-version":[{"id":717,"href":"https:\/\/www.fytofem.cz\/pmx\/wp-json\/wp\/v2\/pages\/31\/revisions\/717"}],"wp:attachment":[{"href":"https:\/\/www.fytofem.cz\/pmx\/wp-json\/wp\/v2\/media?parent=31"}],"curies":[{"name":"wp","href":"https:\/\/api.w.org\/{rel}","templated":true}]}}